{"id":99,"date":"2019-12-12T20:40:23","date_gmt":"2019-12-12T20:40:23","guid":{"rendered":"http:\/\/www.jarvisuomenkylat.fi\/?page_id=99"},"modified":"2020-06-24T15:47:19","modified_gmt":"2020-06-24T15:47:19","slug":"kuvapankki","status":"publish","type":"page","link":"https:\/\/www.jarvisuomenkylat.fi\/index.php\/linkit\/kuvapankki\/","title":{"rendered":"Kuvapankki"},"content":{"rendered":"\n<p>Mik\u00e4li sinulla on kuvia, joita haluat kuvapankkiin ja mahdollisesti muiden k\u00e4ytett\u00e4v\u00e4ksi l\u00e4het\u00e4 kuva kyl\u00e4asiamiehelle s\u00e4hk\u00f6postilla tai kirjepostilla skannattavaksi.<\/p>\n\n\n\n<p><strong>Kes\u00e4 Koittilassa<\/strong><\/p>\n\n\n\n<figure class=\"wp-block-image size-large\"><img loading=\"lazy\" decoding=\"async\" width=\"960\" height=\"720\" src=\"https:\/\/www.jarvisuomenkylat.fi\/wp-content\/uploads\/2020\/06\/Kes\u00e4-Koittilassa.jpg\" alt=\"\" class=\"wp-image-470\" srcset=\"https:\/\/www.jarvisuomenkylat.fi\/wp-content\/uploads\/2020\/06\/Kes\u00e4-Koittilassa.jpg 960w, https:\/\/www.jarvisuomenkylat.fi\/wp-content\/uploads\/2020\/06\/Kes\u00e4-Koittilassa-300x225.jpg 300w, https:\/\/www.jarvisuomenkylat.fi\/wp-content\/uploads\/2020\/06\/Kes\u00e4-Koittilassa-768x576.jpg 768w, https:\/\/www.jarvisuomenkylat.fi\/wp-content\/uploads\/2020\/06\/Kes\u00e4-Koittilassa-570x428.jpg 570w\" sizes=\"auto, (max-width: 960px) 100vw, 960px\" \/><figcaption>Kuvaaja: Maisa Juntunen, Koittila. Kangasniemi. Kuvaaja omistaa kuvan oikeudet.<\/figcaption><\/figure>\n","protected":false},"excerpt":{"rendered":"<p>Mik\u00e4li sinulla on kuvia, joita haluat kuvapankkiin ja mahdollisesti muiden k\u00e4ytett\u00e4v\u00e4ksi l\u00e4het\u00e4 kuva kyl\u00e4asiamiehelle s\u00e4hk\u00f6postilla tai kirjepostilla skannattavaksi. Kes\u00e4 Koittilassa<\/p>\n","protected":false},"author":1,"featured_media":0,"parent":57,"menu_order":0,"comment_status":"closed","ping_status":"closed","template":"","meta":{"footnotes":""},"class_list":["post-99","page","type-page","status-publish","czr-hentry"],"_links":{"self":[{"href":"https:\/\/www.jarvisuomenkylat.fi\/index.php\/wp-json\/wp\/v2\/pages\/99","targetHints":{"allow":["GET"]}}],"collection":[{"href":"https:\/\/www.jarvisuomenkylat.fi\/index.php\/wp-json\/wp\/v2\/pages"}],"about":[{"href":"https:\/\/www.jarvisuomenkylat.fi\/index.php\/wp-json\/wp\/v2\/types\/page"}],"author":[{"embeddable":true,"href":"https:\/\/www.jarvisuomenkylat.fi\/index.php\/wp-json\/wp\/v2\/users\/1"}],"replies":[{"embeddable":true,"href":"https:\/\/www.jarvisuomenkylat.fi\/index.php\/wp-json\/wp\/v2\/comments?post=99"}],"version-history":[{"count":3,"href":"https:\/\/www.jarvisuomenkylat.fi\/index.php\/wp-json\/wp\/v2\/pages\/99\/revisions"}],"predecessor-version":[{"id":471,"href":"https:\/\/www.jarvisuomenkylat.fi\/index.php\/wp-json\/wp\/v2\/pages\/99\/revisions\/471"}],"up":[{"embeddable":true,"href":"https:\/\/www.jarvisuomenkylat.fi\/index.php\/wp-json\/wp\/v2\/pages\/57"}],"wp:attachment":[{"href":"https:\/\/www.jarvisuomenkylat.fi\/index.php\/wp-json\/wp\/v2\/media?parent=99"}],"curies":[{"name":"wp","href":"https:\/\/api.w.org\/{rel}","templated":true}]}}