{"id":97,"date":"2019-12-12T20:39:57","date_gmt":"2019-12-12T20:39:57","guid":{"rendered":"http:\/\/www.jarvisuomenkylat.fi\/?page_id=97"},"modified":"2020-01-01T20:47:52","modified_gmt":"2020-01-01T20:47:52","slug":"historia","status":"publish","type":"page","link":"https:\/\/www.jarvisuomenkylat.fi\/index.php\/yhdistys\/historia\/","title":{"rendered":"Historia"},"content":{"rendered":"\n<p><\/p>\n\n\n\n<p>Vuonna 2018 suuri ponnistus oli Lokaali &#8211; valtakunnalliset kyl\u00e4p\u00e4iv\u00e4t tapahtuman j\u00e4rjest\u00e4minen Savonlinnassa.  Tapahtumaan aloitettiin valmistautumaan jo 2017 vuoden puolella ja ihan viime hetkille asti tapahtumaporukalla riitti j\u00e4nnitett\u00e4v\u00e4\u00e4. Kaikesta kuitenkin selvittiin ja olihan ne juhlat, joita on mukava muistella viel\u00e4 pitk\u00e4\u00e4n. Tarkemmin tapahtuman sis\u00e4ll\u00f6st\u00e4: <a rel=\"noreferrer noopener\" aria-label=\"Lokaali 2018 - Valtakunnalliset kyl\u00e4p\u00e4iv\u00e4t (avautuu uudessa v\u00e4lilehdess\u00e4)\" href=\"https:\/\/www.jarvisuomenkylat.fi\/index.php\/yhdistys\/historia\/lokaali-2018\/\" target=\"_blank\">Lokaali 2018 &#8211; Valtakunnalliset kyl\u00e4p\u00e4iv\u00e4t<\/a> -sivulta.<\/p>\n","protected":false},"excerpt":{"rendered":"<p>Vuonna 2018 suuri ponnistus oli Lokaali &#8211; valtakunnalliset kyl\u00e4p\u00e4iv\u00e4t tapahtuman j\u00e4rjest\u00e4minen Savonlinnassa. Tapahtumaan aloitettiin valmistautumaan jo 2017 vuoden puolella ja ihan viime hetkille asti tapahtumaporukalla riitti j\u00e4nnitett\u00e4v\u00e4\u00e4. Kaikesta kuitenkin selvittiin ja olihan ne juhlat, joita on mukava muistella viel\u00e4 pitk\u00e4\u00e4n. Tarkemmin tapahtuman sis\u00e4ll\u00f6st\u00e4: Lokaali 2018 &#8211; Valtakunnalliset kyl\u00e4p\u00e4iv\u00e4t -sivulta.<\/p>\n","protected":false},"author":1,"featured_media":0,"parent":10,"menu_order":0,"comment_status":"closed","ping_status":"closed","template":"","meta":{"footnotes":""},"class_list":["post-97","page","type-page","status-publish","czr-hentry"],"_links":{"self":[{"href":"https:\/\/www.jarvisuomenkylat.fi\/index.php\/wp-json\/wp\/v2\/pages\/97","targetHints":{"allow":["GET"]}}],"collection":[{"href":"https:\/\/www.jarvisuomenkylat.fi\/index.php\/wp-json\/wp\/v2\/pages"}],"about":[{"href":"https:\/\/www.jarvisuomenkylat.fi\/index.php\/wp-json\/wp\/v2\/types\/page"}],"author":[{"embeddable":true,"href":"https:\/\/www.jarvisuomenkylat.fi\/index.php\/wp-json\/wp\/v2\/users\/1"}],"replies":[{"embeddable":true,"href":"https:\/\/www.jarvisuomenkylat.fi\/index.php\/wp-json\/wp\/v2\/comments?post=97"}],"version-history":[{"count":3,"href":"https:\/\/www.jarvisuomenkylat.fi\/index.php\/wp-json\/wp\/v2\/pages\/97\/revisions"}],"predecessor-version":[{"id":301,"href":"https:\/\/www.jarvisuomenkylat.fi\/index.php\/wp-json\/wp\/v2\/pages\/97\/revisions\/301"}],"up":[{"embeddable":true,"href":"https:\/\/www.jarvisuomenkylat.fi\/index.php\/wp-json\/wp\/v2\/pages\/10"}],"wp:attachment":[{"href":"https:\/\/www.jarvisuomenkylat.fi\/index.php\/wp-json\/wp\/v2\/media?parent=97"}],"curies":[{"name":"wp","href":"https:\/\/api.w.org\/{rel}","templated":true}]}}