{"id":853,"date":"2022-11-30T11:21:42","date_gmt":"2022-11-30T11:21:42","guid":{"rendered":"https:\/\/www.jarvisuomenkylat.fi\/?page_id=853"},"modified":"2025-12-30T12:36:36","modified_gmt":"2025-12-30T12:36:36","slug":"hankkeet","status":"publish","type":"page","link":"https:\/\/www.jarvisuomenkylat.fi\/index.php\/hankkeet\/","title":{"rendered":"Hankkeet"},"content":{"rendered":"\n<p>J\u00e4rvi-Suomen kyl\u00e4t ry hallinnoi t\u00e4ll\u00e4 hetkell\u00e4 kahta hanketta.<br>Kyl\u00e4media-hanke rahoitetaan p\u00e4\u00e4osin Etel\u00e4-Savon Ely-keskuksen Manner-Suomen maaseutuohjelmasta.<br>Hankkeen kahden koulutusohjelman avulla kyl\u00e4toimijoita koulutetaan kylien media sek\u00e4 nopeiden verkkoyhteyksien neuvojiksi. Koulutus on osallistujille ilmaista, sill\u00e4 hankkeessa pilotoidaan uusia koulutusohjelmia.<br>Lis\u00e4tietoa hankkeesta l\u00f6yd\u00e4t alla olevan linkist\u00e4<br><\/p>\n\n\n\n<p><a href=\"https:\/\/www.jarvisuomenkylat.fi\/index.php\/hankkeet\/etela-savon-kylaturvallisuus\/\" data-type=\"page\" data-id=\"1265\">Etel\u00e4-Savon kyl\u00e4turvallisuus<\/a><\/p>\n\n\n\n<p><a href=\"https:\/\/www.jarvisuomenkylat.fi\/index.php\/hankkeet\/etela-savon-kylaturvallisuus-valmisteluhanke\/\" data-type=\"link\" data-id=\"https:\/\/www.jarvisuomenkylat.fi\/wp-admin\/post.php?post=1263&amp;action=edit\">Etel\u00e4-Savon kyl\u00e4turvallisuus valmisteluhanke<\/a><br><\/p>\n\n\n\n<p><\/p>\n\n\n\n<p><\/p>\n","protected":false},"excerpt":{"rendered":"<p>J\u00e4rvi-Suomen kyl\u00e4t ry hallinnoi t\u00e4ll\u00e4 hetkell\u00e4 kahta hanketta.Kyl\u00e4media-hanke rahoitetaan p\u00e4\u00e4osin Etel\u00e4-Savon Ely-keskuksen Manner-Suomen maaseutuohjelmasta.Hankkeen kahden koulutusohjelman avulla kyl\u00e4toimijoita koulutetaan kylien media sek\u00e4 nopeiden verkkoyhteyksien neuvojiksi. Koulutus on osallistujille ilmaista, sill\u00e4 hankkeessa pilotoidaan uusia koulutusohjelmia.Lis\u00e4tietoa hankkeesta l\u00f6yd\u00e4t alla olevan linkist\u00e4 Etel\u00e4-Savon kyl\u00e4turvallisuus Etel\u00e4-Savon kyl\u00e4turvallisuus valmisteluhanke<\/p>\n","protected":false},"author":2,"featured_media":0,"parent":0,"menu_order":0,"comment_status":"closed","ping_status":"closed","template":"","meta":{"footnotes":""},"class_list":["post-853","page","type-page","status-publish","czr-hentry"],"_links":{"self":[{"href":"https:\/\/www.jarvisuomenkylat.fi\/index.php\/wp-json\/wp\/v2\/pages\/853","targetHints":{"allow":["GET"]}}],"collection":[{"href":"https:\/\/www.jarvisuomenkylat.fi\/index.php\/wp-json\/wp\/v2\/pages"}],"about":[{"href":"https:\/\/www.jarvisuomenkylat.fi\/index.php\/wp-json\/wp\/v2\/types\/page"}],"author":[{"embeddable":true,"href":"https:\/\/www.jarvisuomenkylat.fi\/index.php\/wp-json\/wp\/v2\/users\/2"}],"replies":[{"embeddable":true,"href":"https:\/\/www.jarvisuomenkylat.fi\/index.php\/wp-json\/wp\/v2\/comments?post=853"}],"version-history":[{"count":9,"href":"https:\/\/www.jarvisuomenkylat.fi\/index.php\/wp-json\/wp\/v2\/pages\/853\/revisions"}],"predecessor-version":[{"id":1304,"href":"https:\/\/www.jarvisuomenkylat.fi\/index.php\/wp-json\/wp\/v2\/pages\/853\/revisions\/1304"}],"wp:attachment":[{"href":"https:\/\/www.jarvisuomenkylat.fi\/index.php\/wp-json\/wp\/v2\/media?parent=853"}],"curies":[{"name":"wp","href":"https:\/\/api.w.org\/{rel}","templated":true}]}}