{"id":76,"date":"2019-12-10T17:56:57","date_gmt":"2019-12-10T17:56:57","guid":{"rendered":"http:\/\/www.jarvisuomenkylat.fi\/?page_id=76"},"modified":"2025-04-23T09:20:19","modified_gmt":"2025-04-23T09:20:19","slug":"avoimet-kylat","status":"publish","type":"page","link":"https:\/\/www.jarvisuomenkylat.fi\/index.php\/kylat-nyt\/avoimet-kylat\/","title":{"rendered":"Avoimet Kyl\u00e4t"},"content":{"rendered":"<div class=\"wp-block-image is-style-default\">\n<figure class=\"aligncenter size-large\"><img loading=\"lazy\" decoding=\"async\" width=\"1024\" height=\"1024\" src=\"https:\/\/www.jarvisuomenkylat.fi\/wp-content\/uploads\/2025\/04\/ak_2025_logo_01_fixed-1024x1024.png\" alt=\"\" class=\"wp-image-1192\" style=\"aspect-ratio:1.6305732484076434\" srcset=\"https:\/\/www.jarvisuomenkylat.fi\/wp-content\/uploads\/2025\/04\/ak_2025_logo_01_fixed-1024x1024.png 1024w, https:\/\/www.jarvisuomenkylat.fi\/wp-content\/uploads\/2025\/04\/ak_2025_logo_01_fixed-300x300.png 300w, https:\/\/www.jarvisuomenkylat.fi\/wp-content\/uploads\/2025\/04\/ak_2025_logo_01_fixed-150x150.png 150w, https:\/\/www.jarvisuomenkylat.fi\/wp-content\/uploads\/2025\/04\/ak_2025_logo_01_fixed-768x768.png 768w, https:\/\/www.jarvisuomenkylat.fi\/wp-content\/uploads\/2025\/04\/ak_2025_logo_01_fixed-700x700.png 700w, https:\/\/www.jarvisuomenkylat.fi\/wp-content\/uploads\/2025\/04\/ak_2025_logo_01_fixed-1536x1536.png 1536w, https:\/\/www.jarvisuomenkylat.fi\/wp-content\/uploads\/2025\/04\/ak_2025_logo_01_fixed-570x570.png 570w, https:\/\/www.jarvisuomenkylat.fi\/wp-content\/uploads\/2025\/04\/ak_2025_logo_01_fixed-510x510.png 510w, https:\/\/www.jarvisuomenkylat.fi\/wp-content\/uploads\/2025\/04\/ak_2025_logo_01_fixed.png 2000w\" sizes=\"auto, (max-width: 1024px) 100vw, 1024px\" \/><\/figure>\n<\/div>\n\n\n<p>Avoimet kyl\u00e4t kutsuvat #kylille my\u00f6s Etel\u00e4-Savossa.<\/p>\n\n\n\n<p><strong>Avoimet Kyl\u00e4t \u2013tapahtuma toteutetaan digitaalisesti verkossa ja entist\u00e4 isompana<\/strong><\/p>\n\n\n\n<p>Avoimet Kyl\u00e4t -p\u00e4iv\u00e4\u00e4 vietet\u00e4\u00e4n j\u00e4lleen 14. kes\u00e4kuuta 2025!<\/p>\n\n\n\n<p>Avoimet kyl\u00e4t -p\u00e4iv\u00e4n\u00e4 kyl\u00e4t avaavat ovensa ja j\u00e4rjest\u00e4v\u00e4t vierailijoille omann\u00e4k\u00f6ist\u00e4\u00e4n ohjelmaa. Ohjelmassa on sek\u00e4 perinteisi\u00e4 pihakirppiksi\u00e4 ja talkoita ett\u00e4 paikallisia erikoisuuksiakin, kuten sauna- ja karaokemaratoneja. Avoimet Kyl\u00e4t -p\u00e4iv\u00e4 k\u00e4ynnist\u00e4\u00e4 lomakauden ja tarjoaa mahdollisuuden tutustua kyliin asumisen, yritt\u00e4misen ja lomailun paikkoina.<\/p>\n\n\n\n<p>Tapahtuman j\u00e4rjest\u00e4v\u00e4t yhteisty\u00f6ss\u00e4 Suomen Kyl\u00e4t ry, maakunnalliset kyl\u00e4yhdistykset ja paikalliset yhdistykset ja aktiivit. <\/p>\n\n\n\n<p>Somessa k\u00e4yt\u00e4mme h\u00e4st\u00e4gej\u00e4 #AvoimetKyl\u00e4t ja #TeeSeKylill\u00e4.&nbsp; <\/p>\n\n\n\n<p>Osoitteesta avoimetkylat.fi l\u00f6ytyy vuoden 2025 kartan ja sinne linkatut kohteet. K\u00e4y kurkkaamassa!\u00a0<\/p>\n\n\n\n<p><strong>Ilmoita tapahtumasi <a href=\"https:\/\/forms.office.com\/pages\/responsepage.aspx?id=shZ94cWTWk2FXeO6NmCU4y5ScuJJYXpNqqq0ip08tNlURDRCOVhTTzBKV0hGVkZORDFQWjhCRUkyNi4u&amp;route=shorturl\" data-type=\"page\" data-id=\"644\" target=\"_blank\" rel=\"noreferrer noopener\">t\u00e4ll\u00e4 lomakkeella<\/a><\/strong><\/p>\n\n\n\n<h3 class=\"wp-block-heading\">Avoimet kyl\u00e4t -p\u00e4iv\u00e4\u00e4n alueellamme ilmoittautuneet kyl\u00e4t:<\/h3>\n\n\n\n<p><\/p>\n\n\n\n<p class=\"has-text-align-center\"><a href=\"http:\/\/www.jarvisuomenkylat.fi\/index.php\/kylat-nyt\/\">&#8211; Takaisin Kyl\u00e4t nyt! -sivulle &#8211;<\/a><\/p>\n","protected":false},"excerpt":{"rendered":"<p>Avoimet kyl\u00e4t kutsuvat #kylille my\u00f6s Etel\u00e4-Savossa. Avoimet Kyl\u00e4t \u2013tapahtuma toteutetaan digitaalisesti verkossa ja entist\u00e4 isompana Avoimet Kyl\u00e4t -p\u00e4iv\u00e4\u00e4 vietet\u00e4\u00e4n j\u00e4lleen 14. kes\u00e4kuuta 2025! Avoimet kyl\u00e4t -p\u00e4iv\u00e4n\u00e4 kyl\u00e4t avaavat ovensa ja j\u00e4rjest\u00e4v\u00e4t vierailijoille omann\u00e4k\u00f6ist\u00e4\u00e4n ohjelmaa. Ohjelmassa on sek\u00e4 perinteisi\u00e4 pihakirppiksi\u00e4 ja talkoita ett\u00e4 paikallisia erikoisuuksiakin, kuten sauna- ja karaokemaratoneja. Avoimet Kyl\u00e4t -p\u00e4iv\u00e4 k\u00e4ynnist\u00e4\u00e4 lomakauden ja tarjoaa [&hellip;]<\/p>\n","protected":false},"author":1,"featured_media":0,"parent":75,"menu_order":0,"comment_status":"closed","ping_status":"closed","template":"","meta":{"footnotes":""},"class_list":["post-76","page","type-page","status-publish","czr-hentry"],"_links":{"self":[{"href":"https:\/\/www.jarvisuomenkylat.fi\/index.php\/wp-json\/wp\/v2\/pages\/76","targetHints":{"allow":["GET"]}}],"collection":[{"href":"https:\/\/www.jarvisuomenkylat.fi\/index.php\/wp-json\/wp\/v2\/pages"}],"about":[{"href":"https:\/\/www.jarvisuomenkylat.fi\/index.php\/wp-json\/wp\/v2\/types\/page"}],"author":[{"embeddable":true,"href":"https:\/\/www.jarvisuomenkylat.fi\/index.php\/wp-json\/wp\/v2\/users\/1"}],"replies":[{"embeddable":true,"href":"https:\/\/www.jarvisuomenkylat.fi\/index.php\/wp-json\/wp\/v2\/comments?post=76"}],"version-history":[{"count":19,"href":"https:\/\/www.jarvisuomenkylat.fi\/index.php\/wp-json\/wp\/v2\/pages\/76\/revisions"}],"predecessor-version":[{"id":1198,"href":"https:\/\/www.jarvisuomenkylat.fi\/index.php\/wp-json\/wp\/v2\/pages\/76\/revisions\/1198"}],"up":[{"embeddable":true,"href":"https:\/\/www.jarvisuomenkylat.fi\/index.php\/wp-json\/wp\/v2\/pages\/75"}],"wp:attachment":[{"href":"https:\/\/www.jarvisuomenkylat.fi\/index.php\/wp-json\/wp\/v2\/media?parent=76"}],"curies":[{"name":"wp","href":"https:\/\/api.w.org\/{rel}","templated":true}]}}