{"id":75,"date":"2019-12-10T17:51:21","date_gmt":"2019-12-10T17:51:21","guid":{"rendered":"http:\/\/www.jarvisuomenkylat.fi\/?page_id=75"},"modified":"2025-04-23T09:23:08","modified_gmt":"2025-04-23T09:23:08","slug":"kylat-nyt","status":"publish","type":"page","link":"https:\/\/www.jarvisuomenkylat.fi\/index.php\/kylat-nyt\/","title":{"rendered":"Kyl\u00e4t nyt!"},"content":{"rendered":"\n<p>J\u00e4rvi-Suomen alueen kyliss\u00e4 tapahtuu paljon ymp\u00e4ri vuoden. Valtakunnallisesti kylien toimintaa korostetaan varsinkin <a href=\"http:\/\/www.jarvisuomenkylat.fi\/index.php\/kylat-nyt\/avoimet-kylat\/\">Avoimet kyl\u00e4t -tapahtumap\u00e4iv\u00e4n\u00e4<\/a>, johon Etel\u00e4-Savostakin osallistuu aina useita kyli\u00e4 erilaisine tapahtumineen. <\/p>\n\n\n\n<p>Kyliin ja niiden j\u00e4rjest\u00e4m\u00e4\u00e4n toimintaan voit tutustua oheisista linkeist\u00e4. <\/p>\n\n\n\n<p><a href=\"#jasky\">J\u00e4rvi-Suomen kyl\u00e4t ry:n oma toiminta<\/a> | <a href=\"#mikkeli\">Mikkelin alue<\/a> | <a href=\"#pieksamaki\">Pieks\u00e4m\u00e4en alue<\/a> | <a href=\"#savonlinna\">Savonlinnan alue<\/a><\/p>\n\n\n\n<p><strong><a name=\"jasky\">J\u00e4rvi-Suomen kylien oma toiminta<\/a><\/strong><\/p>\n\n\n\n<p><\/p>\n\n\n\n<p><strong><a name=\"mikkeli\">Mikkelin alueen j\u00e4senyhdistykset<\/a><\/strong><\/p>\n\n\n\n<p><a aria-label=\"Vitsi\u00e4l\u00e4n kyl\u00e4seura (www.vitsiala.net) (avautuu uudessa v\u00e4lilehdess\u00e4)\" href=\"http:\/\/vitsiala.net\/\" target=\"_blank\" rel=\"noreferrer noopener\">Vitsi\u00e4l\u00e4n kyl\u00e4seura ry<\/a> ( Heimarin, L\u00f6yd\u00f6n, Puntalan, Sattilan ja Vitsi\u00e4l\u00e4n kyl\u00e4t)<br><br><a href=\"https:\/\/www.mikkelinyt.fi\/\" target=\"_blank\" rel=\"noreferrer noopener\">Mikkelin alueen tapahtumakalenteri<\/a><\/p>\n\n\n\n<p><strong><a name=\"pieksamaki\">Pieks\u00e4m\u00e4en alueen j\u00e4senyhdistykset<\/a><\/strong><\/p>\n\n\n\n<p><a rel=\"noreferrer noopener\" aria-label=\"Paltasen kyl\u00e4yhdistys ry (avautuu uudessa v\u00e4lilehdess\u00e4)\" href=\"https:\/\/fi-fi.facebook.com\/pages\/category\/Community\/Paltasen-kyl%C3%A4yhdistys-ry-482870055138463\/\" target=\"_blank\">Paltasen kyl\u00e4yhdistys ry<\/a> (vain facebook-sivusto)<\/p>\n\n\n\n<p><a rel=\"noreferrer noopener\" aria-label=\"Siikam\u00e4ki-Peiposj\u00e4rvi kyl\u00e4yhdistys ry (avautuu uudessa v\u00e4lilehdess\u00e4)\" href=\"http:\/\/www.siikamaki-peiposjarvi.fi\/\" target=\"_blank\">Siikam\u00e4ki-Peiposj\u00e4rvi kyl\u00e4yhdistys ry<\/a><br><\/p>\n\n\n\n<p>Lis\u00e4ksi Pieks\u00e4m\u00e4ell\u00e4 toimii alueellinen yhdistys <a rel=\"noreferrer noopener\" aria-label=\"Pieks\u00e4m\u00e4kel\u00e4iset ry (avautuu uudessa v\u00e4lilehdess\u00e4)\" href=\"http:\/\/pieksamakelaiset.fi\/\" target=\"_blank\">Pieks\u00e4m\u00e4kel\u00e4iset ry<\/a> toimii koko Pieks\u00e4m\u00e4en alueella kaikkien Pieks\u00e4m\u00e4en kaupungin asukkaiden yhteisty\u00f6elimen\u00e4, asukastoiminnan edunvalvojana sek\u00e4 hanketoimijana Pieks\u00e4m\u00e4en kaupungissa.<\/p>\n\n\n\n<p class=\"has-text-align-center\"> <a rel=\"noreferrer noopener\" href=\"https:\/\/www.pieksamaki.fi\/tapahtumat\/\" target=\"_blank\">Pieks\u00e4m\u00e4en tapahtumakalenteri<\/a><br><a href=\"http:\/\/www.kangasniemi.fi\/kalenteri\/\" target=\"_blank\" rel=\"noreferrer noopener\" aria-label=\"Kangasniemen tapahtumakalenteri (avautuu uudessa v\u00e4lilehdess\u00e4)\">Kangasniemen tapahtumakalenteri<\/a><\/p>\n\n\n\n<p><strong><a name=\"savonlinna\">Savonlinnan alueen j\u00e4senyhdistykset<\/a><\/strong><\/p>\n\n\n\n<p><a rel=\"noreferrer noopener\" aria-label=\"Kaipolan kyl\u00e4toimikunta (avautuu uudessa v\u00e4lilehdess\u00e4)\" href=\"http:\/\/kaipolanaarre.blogspot.fi\/\" target=\"_blank\">Kaipolan kyl\u00e4toimikunta<\/a><\/p>\n\n\n\n<p><a rel=\"noreferrer noopener\" aria-label=\"R\u00f6nk\u00f6nvaara-Lapinlahti Kyl\u00e4yhdistys ry (avautuu uudessa v\u00e4lilehdess\u00e4)\" href=\"https:\/\/yssi.fi\/yhdistykset\/ronkonvaara-lapinlahti-kylayhdistys\/\" target=\"_blank\">R\u00f6nk\u00f6nvaara-Lapinlahti Kyl\u00e4yhdistys ry<\/a><\/p>\n\n\n\n<p><a rel=\"noreferrer noopener\" aria-label=\"Tuusm\u00e4en kyl\u00e4yhdistys ry (avautuu uudessa v\u00e4lilehdess\u00e4)\" href=\"https:\/\/www.tuusmaki.net\/\" target=\"_blank\">Tuusm\u00e4en kyl\u00e4yhdistys ry<\/a><\/p>\n\n\n\n<p class=\"has-text-align-center\"><a href=\"https:\/\/www.savonlinnanyt.fi\/\" target=\"_blank\" rel=\"noreferrer noopener\" aria-label=\"Savonlinnan alueen tapahtumakalenteri (avautuu uudessa v\u00e4lilehdess\u00e4)\">Savonlinnan alueen tapahtumakalenteri<\/a><\/p>\n","protected":false},"excerpt":{"rendered":"<p>J\u00e4rvi-Suomen alueen kyliss\u00e4 tapahtuu paljon ymp\u00e4ri vuoden. Valtakunnallisesti kylien toimintaa korostetaan varsinkin Avoimet kyl\u00e4t -tapahtumap\u00e4iv\u00e4n\u00e4, johon Etel\u00e4-Savostakin osallistuu aina useita kyli\u00e4 erilaisine tapahtumineen. Kyliin ja niiden j\u00e4rjest\u00e4m\u00e4\u00e4n toimintaan voit tutustua oheisista linkeist\u00e4. J\u00e4rvi-Suomen kyl\u00e4t ry:n oma toiminta | Mikkelin alue | Pieks\u00e4m\u00e4en alue | Savonlinnan alue J\u00e4rvi-Suomen kylien oma toiminta Mikkelin alueen j\u00e4senyhdistykset Vitsi\u00e4l\u00e4n kyl\u00e4seura [&hellip;]<\/p>\n","protected":false},"author":1,"featured_media":0,"parent":0,"menu_order":0,"comment_status":"closed","ping_status":"closed","template":"","meta":{"footnotes":""},"class_list":["post-75","page","type-page","status-publish","czr-hentry"],"_links":{"self":[{"href":"https:\/\/www.jarvisuomenkylat.fi\/index.php\/wp-json\/wp\/v2\/pages\/75","targetHints":{"allow":["GET"]}}],"collection":[{"href":"https:\/\/www.jarvisuomenkylat.fi\/index.php\/wp-json\/wp\/v2\/pages"}],"about":[{"href":"https:\/\/www.jarvisuomenkylat.fi\/index.php\/wp-json\/wp\/v2\/types\/page"}],"author":[{"embeddable":true,"href":"https:\/\/www.jarvisuomenkylat.fi\/index.php\/wp-json\/wp\/v2\/users\/1"}],"replies":[{"embeddable":true,"href":"https:\/\/www.jarvisuomenkylat.fi\/index.php\/wp-json\/wp\/v2\/comments?post=75"}],"version-history":[{"count":8,"href":"https:\/\/www.jarvisuomenkylat.fi\/index.php\/wp-json\/wp\/v2\/pages\/75\/revisions"}],"predecessor-version":[{"id":1201,"href":"https:\/\/www.jarvisuomenkylat.fi\/index.php\/wp-json\/wp\/v2\/pages\/75\/revisions\/1201"}],"wp:attachment":[{"href":"https:\/\/www.jarvisuomenkylat.fi\/index.php\/wp-json\/wp\/v2\/media?parent=75"}],"curies":[{"name":"wp","href":"https:\/\/api.w.org\/{rel}","templated":true}]}}