{"id":683,"date":"2021-04-17T08:20:35","date_gmt":"2021-04-17T08:20:35","guid":{"rendered":"https:\/\/www.jarvisuomenkylat.fi\/?page_id=683"},"modified":"2025-01-08T09:53:59","modified_gmt":"2025-01-08T09:53:59","slug":"vuoden-maaseutukasvo","status":"publish","type":"page","link":"https:\/\/www.jarvisuomenkylat.fi\/index.php\/haussa-nyt\/vuoden-maaseutukasvo\/","title":{"rendered":"Vuoden maaseutukasvo"},"content":{"rendered":"\n<p>Ehdota vuoden maaseutukasvoksi henkil\u00f6\u00e4, joka on tuonut maaseutua merkitt\u00e4v\u00e4sti esille. Henkil\u00f6n ei tarvitse olla etel\u00e4-savolainen vaan h\u00e4n voi olla kuka vain suomalaista maaseutua positiivisesti ja ehk\u00e4 jopa merkitt\u00e4v\u00e4sti esiin tuonut henkil\u00f6.<\/p>\n\n\n\n<div class=\"wpcf7 no-js\" id=\"wpcf7-f684-o1\" lang=\"fi\" dir=\"ltr\" data-wpcf7-id=\"684\">\n<div class=\"screen-reader-response\"><p role=\"status\" aria-live=\"polite\" aria-atomic=\"true\"><\/p> <ul><\/ul><\/div>\n<form action=\"\/index.php\/wp-json\/wp\/v2\/pages\/683#wpcf7-f684-o1\" method=\"post\" class=\"wpcf7-form init\" aria-label=\"Yhteydenottolomake\" novalidate=\"novalidate\" data-status=\"init\">\n<fieldset class=\"hidden-fields-container\"><input type=\"hidden\" name=\"_wpcf7\" value=\"684\" \/><input type=\"hidden\" name=\"_wpcf7_version\" value=\"6.1.5\" \/><input type=\"hidden\" name=\"_wpcf7_locale\" value=\"fi\" \/><input type=\"hidden\" name=\"_wpcf7_unit_tag\" value=\"wpcf7-f684-o1\" \/><input type=\"hidden\" name=\"_wpcf7_container_post\" value=\"0\" \/><input type=\"hidden\" name=\"_wpcf7_posted_data_hash\" value=\"\" \/><input type=\"hidden\" name=\"_wpcf7_recaptcha_response\" value=\"\" \/>\n<\/fieldset>\n<p>Ehdotan seuraavaa henkil\u00f6\u00e4 valtakunnalliseksi maaseutukasvoksi (pakollinen):<br \/>\n<label> <span class=\"wpcf7-form-control-wrap\" data-name=\"ehdotus\"><input size=\"40\" maxlength=\"400\" class=\"wpcf7-form-control wpcf7-text wpcf7-validates-as-required\" aria-required=\"true\" aria-invalid=\"false\" value=\"\" type=\"text\" name=\"ehdotus\" \/><\/span> <\/label>\n<\/p>\n<p>Perustelut ehdotukselle (pakollinen)<br \/>\n<span class=\"wpcf7-form-control-wrap\" data-name=\"perustelu\"><textarea cols=\"40\" rows=\"10\" maxlength=\"2000\" class=\"wpcf7-form-control wpcf7-textarea wpcf7-validates-as-required\" aria-required=\"true\" aria-invalid=\"false\" name=\"perustelu\"><\/textarea><\/span>\n<\/p>\n<p>Ehdottajan nimi (pakollinen)<br \/>\n<label> <span class=\"wpcf7-form-control-wrap\" data-name=\"nimi\"><input size=\"40\" maxlength=\"400\" class=\"wpcf7-form-control wpcf7-text wpcf7-validates-as-required\" aria-required=\"true\" aria-invalid=\"false\" value=\"\" type=\"text\" name=\"nimi\" \/><\/span> <\/label>\n<\/p>\n<p>Ehdottajan s\u00e4hk\u00f6posti (pakollinen)<br \/>\n<label> <span class=\"wpcf7-form-control-wrap\" data-name=\"your-email\"><input size=\"40\" maxlength=\"400\" class=\"wpcf7-form-control wpcf7-email wpcf7-validates-as-required wpcf7-text wpcf7-validates-as-email\" aria-required=\"true\" aria-invalid=\"false\" value=\"\" type=\"email\" name=\"your-email\" \/><\/span> <\/label>\n<\/p>\n<span class=\"wpcf7-form-control-wrap recaptcha\" data-name=\"recaptcha\"><span data-sitekey=\"6LcHkckUAAAAAAXblTfIZYUbyiASHvSZ-S6jbmq-\" class=\"wpcf7-form-control wpcf7-recaptcha g-recaptcha\"><\/span>\r\n<noscript>\r\n\t<div class=\"grecaptcha-noscript\">\r\n\t\t<iframe loading=\"lazy\" src=\"https:\/\/www.google.com\/recaptcha\/api\/fallback?k=6LcHkckUAAAAAAXblTfIZYUbyiASHvSZ-S6jbmq-\" frameborder=\"0\" scrolling=\"no\" width=\"310\" height=\"430\">\r\n\t\t<\/iframe>\r\n\t\t<textarea name=\"g-recaptcha-response\" rows=\"3\" cols=\"40\" placeholder=\"reCaptcha Response Here\">\r\n\t\t<\/textarea>\r\n\t<\/div>\r\n<\/noscript>\r\n<\/span>\n<p><input class=\"wpcf7-form-control wpcf7-submit has-spinner\" type=\"submit\" value=\"Submit\" \/>\n<\/p><div class=\"wpcf7-response-output\" aria-hidden=\"true\"><\/div>\n<\/form>\n<\/div>\n\n\n\n\n<p class=\"has-text-align-center\"><a href=\"http:\/\/www.jarvisuomenkylat.fi\/index.php\/haussa-nyt\/\">&#8211; Takaisinhaussa nyt! -sivulle &#8211;<\/a><\/p>\n","protected":false},"excerpt":{"rendered":"<p>Ehdota vuoden maaseutukasvoksi henkil\u00f6\u00e4, joka on tuonut maaseutua merkitt\u00e4v\u00e4sti esille. Henkil\u00f6n ei tarvitse olla etel\u00e4-savolainen vaan h\u00e4n voi olla kuka vain suomalaista maaseutua positiivisesti ja ehk\u00e4 jopa merkitt\u00e4v\u00e4sti esiin tuonut henkil\u00f6. &#8211; Takaisinhaussa nyt! -sivulle &#8211;<\/p>\n","protected":false},"author":1,"featured_media":0,"parent":23,"menu_order":0,"comment_status":"closed","ping_status":"closed","template":"","meta":{"footnotes":""},"class_list":["post-683","page","type-page","status-publish","czr-hentry"],"_links":{"self":[{"href":"https:\/\/www.jarvisuomenkylat.fi\/index.php\/wp-json\/wp\/v2\/pages\/683","targetHints":{"allow":["GET"]}}],"collection":[{"href":"https:\/\/www.jarvisuomenkylat.fi\/index.php\/wp-json\/wp\/v2\/pages"}],"about":[{"href":"https:\/\/www.jarvisuomenkylat.fi\/index.php\/wp-json\/wp\/v2\/types\/page"}],"author":[{"embeddable":true,"href":"https:\/\/www.jarvisuomenkylat.fi\/index.php\/wp-json\/wp\/v2\/users\/1"}],"replies":[{"embeddable":true,"href":"https:\/\/www.jarvisuomenkylat.fi\/index.php\/wp-json\/wp\/v2\/comments?post=683"}],"version-history":[{"count":3,"href":"https:\/\/www.jarvisuomenkylat.fi\/index.php\/wp-json\/wp\/v2\/pages\/683\/revisions"}],"predecessor-version":[{"id":1094,"href":"https:\/\/www.jarvisuomenkylat.fi\/index.php\/wp-json\/wp\/v2\/pages\/683\/revisions\/1094"}],"up":[{"embeddable":true,"href":"https:\/\/www.jarvisuomenkylat.fi\/index.php\/wp-json\/wp\/v2\/pages\/23"}],"wp:attachment":[{"href":"https:\/\/www.jarvisuomenkylat.fi\/index.php\/wp-json\/wp\/v2\/media?parent=683"}],"curies":[{"name":"wp","href":"https:\/\/api.w.org\/{rel}","templated":true}]}}