{"id":621,"date":"2021-04-14T10:42:33","date_gmt":"2021-04-14T10:42:33","guid":{"rendered":"https:\/\/www.jarvisuomenkylat.fi\/?page_id=621"},"modified":"2021-04-17T09:43:46","modified_gmt":"2021-04-17T09:43:46","slug":"kylatalot","status":"publish","type":"page","link":"https:\/\/www.jarvisuomenkylat.fi\/index.php\/kylat-nyt\/kylatalot\/","title":{"rendered":"Kyl\u00e4talot"},"content":{"rendered":"\n<p>Kyl\u00e4talolistaus tulossa * Sivu ty\u00f6n alla *<\/p>\n\n\n\n<p class=\"has-text-align-center\"><a href=\"#mikkeli\">Mikkelin alue<\/a> | <a href=\"#pieksamaki\">Pieks\u00e4m\u00e4en alue<\/a> | <a href=\"#savonlinna\">Savonlinnan alue<\/a><\/p>\n\n\n\n<h3>Mikkelin alue<a name=\"mikkeli\"> <\/a><\/h3>\n\n\n\n<div class=\"su-divider su-divider-style-default\" style=\"margin:15px 0;border-width:3px;border-color:#dd9933\"><a href=\"#\" style=\"color:#999999\">yl\u00f6s<\/a><\/div>\n\n\n\n<h3 class=\"wp-block-heading\">Pieks\u00e4m\u00e4en alue<a name=\"pieksamaki\"> <\/a><\/h3>\n\n\n\n<div class=\"su-divider su-divider-style-default\" style=\"margin:15px 0;border-width:3px;border-color:#dd9933\"><a href=\"#\" style=\"color:#999999\">yl\u00f6s<\/a><\/div>\n\n\n\n<h3 class=\"wp-block-heading\">Savonlinnan alue<a name=\"savonlinna\"> <\/a><\/h3>\n\n\n\n<div class=\"su-divider su-divider-style-default\" style=\"margin:15px 0;border-width:3px;border-color:#dd9933\"><a href=\"#\" style=\"color:#999999\">yl\u00f6s<\/a><\/div>\n","protected":false},"excerpt":{"rendered":"<p>Kyl\u00e4talolistaus tulossa * Sivu ty\u00f6n alla * Mikkelin alue | Pieks\u00e4m\u00e4en alue | Savonlinnan alue Mikkelin alue Pieks\u00e4m\u00e4en alue Savonlinnan alue<\/p>\n","protected":false},"author":2,"featured_media":0,"parent":75,"menu_order":0,"comment_status":"closed","ping_status":"closed","template":"","meta":{"footnotes":""},"class_list":["post-621","page","type-page","status-publish","czr-hentry"],"_links":{"self":[{"href":"https:\/\/www.jarvisuomenkylat.fi\/index.php\/wp-json\/wp\/v2\/pages\/621","targetHints":{"allow":["GET"]}}],"collection":[{"href":"https:\/\/www.jarvisuomenkylat.fi\/index.php\/wp-json\/wp\/v2\/pages"}],"about":[{"href":"https:\/\/www.jarvisuomenkylat.fi\/index.php\/wp-json\/wp\/v2\/types\/page"}],"author":[{"embeddable":true,"href":"https:\/\/www.jarvisuomenkylat.fi\/index.php\/wp-json\/wp\/v2\/users\/2"}],"replies":[{"embeddable":true,"href":"https:\/\/www.jarvisuomenkylat.fi\/index.php\/wp-json\/wp\/v2\/comments?post=621"}],"version-history":[{"count":7,"href":"https:\/\/www.jarvisuomenkylat.fi\/index.php\/wp-json\/wp\/v2\/pages\/621\/revisions"}],"predecessor-version":[{"id":697,"href":"https:\/\/www.jarvisuomenkylat.fi\/index.php\/wp-json\/wp\/v2\/pages\/621\/revisions\/697"}],"up":[{"embeddable":true,"href":"https:\/\/www.jarvisuomenkylat.fi\/index.php\/wp-json\/wp\/v2\/pages\/75"}],"wp:attachment":[{"href":"https:\/\/www.jarvisuomenkylat.fi\/index.php\/wp-json\/wp\/v2\/media?parent=621"}],"curies":[{"name":"wp","href":"https:\/\/api.w.org\/{rel}","templated":true}]}}