{"id":6,"date":"2019-12-10T16:32:28","date_gmt":"2019-12-10T16:32:28","guid":{"rendered":"http:\/\/www.jarvisuomenkylat.fi\/?page_id=6"},"modified":"2021-04-14T10:45:31","modified_gmt":"2021-04-14T10:45:31","slug":"jarvi-suomen-kylat-ry-jasky","status":"publish","type":"page","link":"https:\/\/www.jarvisuomenkylat.fi\/","title":{"rendered":"J\u00e4rvi-Suomen kyl\u00e4t ry &#8211; J\u00e4sky"},"content":{"rendered":"\n<p>J\u00e4rvi-Suomen kyl\u00e4t ry (J\u00e4sky) toimii Etel\u00e4-Savon paikalliskehitt\u00e4jien, erityisesti kyl\u00e4-, asukas- ja kaupunginosayhdistysten yhteisty\u00f6foorumina sek\u00e4 toiminnan kehitt\u00e4j\u00e4n\u00e4 ja edunvalvojana.<br>&nbsp;<\/p>\n\n\n\n<div class=\"su-row\"><div class=\"su-column su-column-size-1-2\"><div class=\"su-column-inner su-u-clearfix su-u-trim\">\n\n\n\n<p><strong>J\u00e4rvi-Suomen kyl\u00e4t ry uutisia<\/strong> (aukeavat otsikosta klikaten):<\/p>\n\n\n\n<div class=\"simple-news-con col-0 sh-id-1\"><div id=\"post-id-1365\" class=\"simple-news-item\"><div class=\"simple-news-text-con\"><h4 class=\"simple-news-title\"><a class=\"simple-news-item-link\" href=\"https:\/\/www.jarvisuomenkylat.fi\/index.php\/news\/kevatkokous-kangasniemella-18-4-klo-13\/\">Kev\u00e4tkokous Kangasniemell\u00e4 18.4. klo 13<\/a><\/h4><div class=\"simple-news-date\">3 huhtikuun, 2026<\/div><div class=\"simple-news-excerpt\">Aika: \u00a0\u00a0\u00a0\u00a0\u00a0\u00a0\u00a0\u00a0\u00a0\u00a0 Lauantaina 18.4.2026 klo 13.00Paikka: \u00a0\u00a0\u00a0\u00a0\u00a0\u00a0 Puulan PorttiOsoite: \u00a0\u00a0\u00a0\u00a0\u00a0\u00a0 Kiviniementie 2, Kangasniemi Yhdistyksen s\u00e4\u00e4nt\u00f6m\u00e4\u00e4r\u00e4inen kev\u00e4tkokous j\u00e4rjestet\u00e4\u00e4n Kangasniemell\u00e4 18.4. klo 13.00.Ennen kokousta osallistujille tarjotaan lounas seisovasta p\u00f6yd\u00e4st\u00e4 klo 12.00 alkaenPuulan Portissa.Kokouksessa k\u00e4sitell\u00e4\u00e4n s\u00e4\u00e4nt\u00f6m\u00e4\u00e4r\u00e4isten asioiden kuten tilinp\u00e4\u00e4t\u00f6ksen ja toimintakertomuksen vuodelta 2025 lis\u00e4ksi hallituksen t\u00e4ydent\u00e4minen yhdell\u00e4 henkil\u00f6ll\u00e4 vuosiksi 2026 &#8211; 2027.Kokouksen esityslistan l\u00f6yd\u00e4t t\u00e4st\u00e4 linkist\u00e4. Ilmoittaudu mukaan [&hellip;]<\/div><\/div><\/div><div id=\"post-id-1351\" class=\"simple-news-item\"><div class=\"simple-news-text-con\"><h4 class=\"simple-news-title\"><a class=\"simple-news-item-link\" href=\"https:\/\/www.jarvisuomenkylat.fi\/index.php\/news\/kylaturvallisuusillat-jatkuvat\/\">Kyl\u00e4turvallisuusillat jatkuvat<\/a><\/h4><div class=\"simple-news-date\">11 maaliskuun, 2026<\/div><div class=\"simple-news-excerpt\">Kyl\u00e4turvallisuusiltojen iltakierrokset jatkuvat Kyl\u00e4turvallisuusiltojen maakunnallinen kierros alkoi Savonlinnasta ja Pieks\u00e4m\u00e4elt\u00e4. Iltoihin osallistui yli 50 henkil\u00f6\u00e4 ja palautteessa korostui turvallisuusteeman t\u00e4rkeys sek\u00e4 sen kiinnostavuus. Illat tarjosivat paljon ajattelun aihetta ja iltojen j\u00e4lkeen turvallisuusteemassa on hyv\u00e4 jatkaa eteenp\u00e4in. Yhteisty\u00f6n merkitys korostui ja mit\u00e4 enemm\u00e4n aiheen ymp\u00e4rille saadaan kuulijoita, kiinnostusta sek\u00e4 toimijoita, sit\u00e4 parempi. Seuraavaksi Kyl\u00e4turvallisuusillat jatkuvat Hirvensalmella, [&hellip;]<\/div><\/div><\/div><div id=\"post-id-1325\" class=\"simple-news-item\"><div class=\"simple-news-text-con\"><h4 class=\"simple-news-title\"><a class=\"simple-news-item-link\" href=\"https:\/\/www.jarvisuomenkylat.fi\/index.php\/news\/kylaturvallisuusillat-tulevat\/\">Kyl\u00e4turvallisuusillat tulevat<\/a><\/h4><div class=\"simple-news-date\">11 helmikuun, 2026<\/div><div class=\"simple-news-excerpt\">Tervetuloa Kyl\u00e4turvallisuusiltaan! Etel\u00e4-Savon kyl\u00e4turvallisuus&nbsp;-hanke on k\u00e4ynnistynyt, ja haluamme kutsua teid\u00e4t mukaan rakentamaan entist\u00e4 turvallisempia ja toimintakykyisempi\u00e4 kyli\u00e4. Hanketta koordinoi J\u00e4rvi-Suomen kyl\u00e4t ry yhteisty\u00f6ss\u00e4 Etel\u00e4 Savon hyvinvointialueen pelastuslaitoksen kanssa. Tavoitteena on vahvistaa kylien varautumista, yhteis\u00f6llisyytt\u00e4 ja kriisinkest\u00e4vyytt\u00e4 koko maakunnan alueella.&nbsp; J\u00e4rjest\u00e4mme Kyl\u00e4turvallisuusiltoja, joihin toivomme mukaan alueen kyl\u00e4- ja yhdistystoimijoita sek\u00e4 kunnan edustajia. Illan aikana kerromme hankkeesta, [&hellip;]<\/div><\/div><\/div><div id=\"post-id-1260\" class=\"simple-news-item\"><div class=\"simple-news-text-con\"><h4 class=\"simple-news-title\"><a class=\"simple-news-item-link\" href=\"https:\/\/www.jarvisuomenkylat.fi\/index.php\/news\/syyskokous-juvalla-8-11-2025-klo-13\/\">Syyskokous Juvalla 8.11.2025 klo 13<\/a><\/h4><div class=\"simple-news-date\">25 lokakuun, 2025<\/div><div class=\"simple-news-excerpt\">Kutsumme j\u00e4senet J\u00e4rvi-Suomen kyl\u00e4t ry:n syyskokoukseen Aika: &nbsp;&nbsp;&nbsp;&nbsp;&nbsp;&nbsp;&nbsp;&nbsp;&nbsp;&nbsp;&nbsp; Lauantaina 8.11.2025 klo 13.00Paikka: &nbsp;&nbsp;&nbsp;&nbsp;&nbsp;&nbsp;&nbsp;&nbsp; Punaisen Piipun KievariOsoite: &nbsp;&nbsp;&nbsp;&nbsp;&nbsp;&nbsp;&nbsp;&nbsp; Kauraleiv\u00e4ntie 10, Juva Ennen kokousta mahdollisuus ruokailuun klo 12.00 alkaen. Ilmoita osallistumisestasi kokoukseen ma 3.11.2025 menness\u00e4s\u00e4hk\u00f6postilla posti@jasky.fipuhelimella 045 222 0585\u00a0Voit osallistua my\u00f6s et\u00e4yhteyden v\u00e4lityksell\u00e4.Ilmoittautumisen yhteydess\u00e4 ilmoita tuletko paikan p\u00e4\u00e4lle vai osallistutko et\u00e4n\u00e4.Linkki et\u00e4osallistumiseen l\u00e4hetet\u00e4\u00e4n ilmoittautuneille perjantaina 7.11.Tervetuloa!<\/div><\/div><\/div><div id=\"post-id-1208\" class=\"simple-news-item\"><div class=\"simple-news-text-con\"><h4 class=\"simple-news-title\"><a class=\"simple-news-item-link\" href=\"https:\/\/www.jarvisuomenkylat.fi\/index.php\/news\/kevatkokous-enonkoskella-10-5\/\">Kev\u00e4tkokous Enonkoskella 10.5.2025<\/a><\/h4><div class=\"simple-news-date\">22 huhtikuun, 2025<\/div><div class=\"simple-news-excerpt\">Kutsu J\u00e4rvi-Suomen kyl\u00e4t ry:n kev\u00e4tkokous Aika: \u00a0\u00a0\u00a0\u00a0\u00a0\u00a0\u00a0\u00a0\u00a0\u00a0 Lauantaina 10.5.2025 klo 13.00Paikka: \u00a0\u00a0\u00a0\u00a0\u00a0\u00a0 Maitolaituri Kahvila&amp;PuotiOsoite: \u00a0\u00a0\u00a0\u00a0\u00a0\u00a0 Enonkoskentie 11 T, 58175 Enonkoski Kev\u00e4tkokouksessa k\u00e4sitell\u00e4\u00e4n s\u00e4\u00e4nt\u00f6jen m\u00e4\u00e4r\u00e4m\u00e4t asiat.Ennen kokousta ruokailu alkaen klo 12.00.Ilmoittaudu mukaan 5.5. menness\u00e4 s\u00e4hk\u00f6postilla posti@jasky.fi taipuhelimella 045 222 0585 Tervetuloa!Hallitus<\/div><\/div><\/div><div id=\"post-id-1056\" class=\"simple-news-item\"><div class=\"simple-news-text-con\"><h4 class=\"simple-news-title\"><a class=\"simple-news-item-link\" href=\"https:\/\/www.jarvisuomenkylat.fi\/index.php\/news\/syyskokous-16-11-2024-klo-13-00-ristiinassa-mikkelissa\/\">Syyskokous 16.11.2024 klo 13.00 Ristiinassa, Mikkeliss\u00e4<\/a><\/h4><div class=\"simple-news-date\">1 marraskuun, 2024<\/div><div class=\"simple-news-excerpt\">J\u00e4rvi-Suomen kyl\u00e4t ry syyskokous j\u00e4rjestet\u00e4\u00e4n Ravintola Martta (Kitereentie 2, Ristiina Mikkeli) lauantaina 16.11.2024 klo 13.00 alkaen. Ennen kokousta lounas klo 12.00. Ilmoitta osallistumisestasi 11.11. menness\u00e4 s\u00e4hk\u00f6postilla posti@jasky.fi tai puhelimella 045 222 0585 Tervetuloa!<\/div><\/div><\/div><\/div> <\/p>\n\n\n\n<\/div><\/div>\n\n\n\n<div class=\"su-column su-column-size-1-2\"><div class=\"su-column-inner su-u-clearfix su-u-trim\">\n\n\n\n<p><strong>J\u00e4rvi-Suomen kyl\u00e4t ry Facebookissa<\/strong>:<\/p>\n\n\n\n<div class=\"efbl_feed_wraper efbl_skin_157\" data-esf-flags=\"gdpr,gdpr_auto\" data-esf-module=\"facebook\" >\n\n\t\t\t\t\t\t<p class=\"efbl_error_msg\"> Error validating access token: The session has been invalidated because the user changed their password or Facebook has changed the session for security reasons. <\/p>\n\t\t\t\t\n\t\t<\/div>\n\n\n\n\n<\/div><\/div> <\/div>\n\n\n\n<p><\/p>\n","protected":false},"excerpt":{"rendered":"<p>J\u00e4rvi-Suomen kyl\u00e4t ry (J\u00e4sky) toimii Etel\u00e4-Savon paikalliskehitt\u00e4jien, erityisesti kyl\u00e4-, asukas- ja kaupunginosayhdistysten yhteisty\u00f6foorumina sek\u00e4 toiminnan kehitt\u00e4j\u00e4n\u00e4 ja edunvalvojana.&nbsp;<\/p>\n","protected":false},"author":2,"featured_media":0,"parent":0,"menu_order":0,"comment_status":"closed","ping_status":"closed","template":"","meta":{"footnotes":""},"class_list":["post-6","page","type-page","status-publish","czr-hentry"],"_links":{"self":[{"href":"https:\/\/www.jarvisuomenkylat.fi\/index.php\/wp-json\/wp\/v2\/pages\/6","targetHints":{"allow":["GET"]}}],"collection":[{"href":"https:\/\/www.jarvisuomenkylat.fi\/index.php\/wp-json\/wp\/v2\/pages"}],"about":[{"href":"https:\/\/www.jarvisuomenkylat.fi\/index.php\/wp-json\/wp\/v2\/types\/page"}],"author":[{"embeddable":true,"href":"https:\/\/www.jarvisuomenkylat.fi\/index.php\/wp-json\/wp\/v2\/users\/2"}],"replies":[{"embeddable":true,"href":"https:\/\/www.jarvisuomenkylat.fi\/index.php\/wp-json\/wp\/v2\/comments?post=6"}],"version-history":[{"count":9,"href":"https:\/\/www.jarvisuomenkylat.fi\/index.php\/wp-json\/wp\/v2\/pages\/6\/revisions"}],"predecessor-version":[{"id":399,"href":"https:\/\/www.jarvisuomenkylat.fi\/index.php\/wp-json\/wp\/v2\/pages\/6\/revisions\/399"}],"wp:attachment":[{"href":"https:\/\/www.jarvisuomenkylat.fi\/index.php\/wp-json\/wp\/v2\/media?parent=6"}],"curies":[{"name":"wp","href":"https:\/\/api.w.org\/{rel}","templated":true}]}}