{"id":58,"date":"2019-12-10T17:46:45","date_gmt":"2019-12-10T17:46:45","guid":{"rendered":"http:\/\/www.jarvisuomenkylat.fi\/?page_id=58"},"modified":"2020-01-27T13:06:22","modified_gmt":"2020-01-27T13:06:22","slug":"materiaalipankki","status":"publish","type":"page","link":"https:\/\/www.jarvisuomenkylat.fi\/index.php\/linkit\/materiaalipankki\/","title":{"rendered":"Materiaalipankki"},"content":{"rendered":"\n<p><a href=\"#yhdistys\">yhdistyksen hallinto<\/a> | <a href=\"#varain\">varainhankinta  <\/a>| <a href=\"#kylasuu\">kyl\u00e4suunnitelma <\/a>| <a href=\"#kylatal\">kyl\u00e4talo<\/a> | <a href=\"#kylatur\">kyl\u00e4turvallisuus<\/a> | <a href=\"#tapahtuma\">tapahtumat<\/a> | <a href=\"#muut\">muut<\/a> | <a href=\"#ohjelmisto\">ohjelmistot<\/a><\/p>\n\n\n\n<p><strong><a name=\"yhdistys\">YHDISTYKSEN PERUSTAMINEN, MUUTOKSET JA HALLINTO<\/a><\/strong><\/p>\n\n\n\n<p><a rel=\"noreferrer noopener\" href=\"http:\/\/www.tietosuoja.fi\/fi\/index\/materiaalia\/oppaat.html\" target=\"_blank\">J\u00e4senrekistereist\u00e4 ja henkil\u00f6tietojen tietosuojasta &#8211; tietosuojavaltuutettu<\/a><br><em>Tietosuojavaltuutetun ohjeita my\u00f6s yhdistyksen ker\u00e4\u00e4miin ja s\u00e4ilytt\u00e4miin henkil\u00f6tietoihin liittyen<\/em><\/p>\n\n\n\n<p><a rel=\"noreferrer noopener\" href=\"http:\/\/www.kylatoiminta.fi\/uploads\/images\/tiedostot\/oppaat\/Kylatalousopas.pdf\" target=\"_blank\">Kyl\u00e4talousopas<\/a><br><em>Yhteis\u00f6talouden k\u00e4sikirja.<\/em><\/p>\n\n\n\n<p><a rel=\"noreferrer noopener\" href=\"https:\/\/www.prh.fi\/fi\/index.html\" target=\"_blank\">Patentti- ja rekisterihallitus &#8211; www.prh-fi<\/a><br><em>PRH:n sivuilta l\u00f6yd\u00e4t kattavan tietopaketin yhdistyksen perustamiseen liittyen. <\/em><\/p>\n\n\n\n<p><a rel=\"noreferrer noopener\" href=\"https:\/\/www.vero.fi\/yritykset-ja-yhteisot\/tietoa-yritysverotuksesta\/tuloverotus\/yhdistys-ja-saatio\/\" target=\"_blank\">Yhdistyksen verotuksesta &#8211; www.vero.fi<\/a><br><em>Verottajan verkkosivulta l\u00f6yd\u00e4t yhdistyksen verotukseen liittyv\u00e4\u00e4 tietoa.<\/em><\/p>\n\n\n\n<p><a rel=\"noreferrer noopener\" href=\"https:\/\/www.soste.fi\/media\/pdf\/julkaisut\/hh-opas_nettiin.pdf\" target=\"_blank\">Yhdistyksen hyv\u00e4 hallintotapa &#8211; www.soste.fi<\/a><br><em>Suomen sosiaali ja terveys ry:n opas yhdistyksen hyv\u00e4st\u00e4 hallintotavasta, joka on k\u00e4ytt\u00f6kelpoinen my\u00f6s muille kuin soste-alan yhdistyksille.<\/em><\/p>\n\n\n\n<p><a rel=\"noreferrer noopener\" href=\"http:\/\/www.finlex.fi\/fi\/laki\/ajantasa\/1989\/19890503\" target=\"_blank\">Yhdistyslaki &#8211; www.finlex.fi<\/a><br><em>Kaikki, mit\u00e4 pit\u00e4\u00e4 tiet\u00e4\u00e4 yhdistykseen liittyv\u00e4st\u00e4 lains\u00e4\u00e4d\u00e4nn\u00f6st\u00e4.<\/em><\/p>\n\n\n\n<p><a rel=\"noreferrer noopener\" href=\"http:\/\/www.maaseutupolitiikka.fi\/files\/844\/YHDISTYKSEN_TALOUS_JA_VEROTUS_YHTALO_OPAS_nettiin.pdf\" target=\"_blank\">YHT\u00c4L\u00d6, Yhdistyksen talous ja verotus -opas<\/a><br><em>Maaseutupolitiikan yhteisty\u00f6ryhm\u00e4n opas siit\u00e4, mit\u00e4 pieness\u00e4 yhdistyksess\u00e4 tulisi osata. P\u00e4ivitetty viimeksi 2014.<\/em><\/p>\n\n\n\n<p><a rel=\"noreferrer noopener\" href=\"https:\/\/www.ytj.fi\/\" target=\"_blank\">Yritys- ja yhteis\u00f6tietoj\u00e4rjestelm\u00e4 &#8211; www.ytj.fi<\/a><br><em>YTJ:n sivuilta l\u00f6yd\u00e4t kattavan tietopaketin siit\u00e4, miten saat yhdistykselle Y-tunnuksen (esimerkiksi vakuutuksen ottamista varten) ja milloin tulee liitty\u00e4 kaupparekisteriin (Palkattu ty\u00f6ntekij\u00e4 tai harjoittaa kiinte\u00e4ss\u00e4 osoitteessa elinkeinotoimintaa).<\/em><\/p>\n\n\n\n<p><strong><a name=\"varain\">VARAINHANKINTA<\/a><\/strong><\/p>\n\n\n\n<p><a rel=\"noreferrer noopener\" href=\"http:\/\/www.poliisi.fi\/luvat\/tavara-arpajaiset\/milloin_lupaa_ei_tarvita\/pienarpajaiset\" target=\"_blank\">Arpajaisten j\u00e4rjest\u00e4minen &#8211; www.poliisi.fi<\/a><br><em>Milloin arpajaisiin tarvitaan lupa ja milloin ei? Tarkemmin&nbsp;<a rel=\"noreferrer noopener\" href=\"http:\/\/www.finlex.fi\/fi\/laki\/ajantasa\/2001\/20011047\" target=\"_blank\">arpajaislaista<\/a>.<\/em><\/p>\n\n\n\n<p><a rel=\"noreferrer noopener\" aria-label=\"Kylien bisneskeissit hankke - kyl\u00e4toiminta (avautuu uudessa v\u00e4lilehdess\u00e4)\" href=\"https:\/\/www.kylatoiminta.fi\/uploads\/images\/tiedostot\/Hankkeet\/kylien%20bisneskeissit_tiivistelma_2014_verkkoon.pdf\" target=\"_blank\">Kylien bisneskeissit hanke<\/a><br><em>Kylien bisneskeissit -hanke on nelivuotinen (2011-2014), koko maan alueella toimiva hanke kylien liiketoiminnan edist\u00e4miseksi. Hanke toimii osana Suomen Kyl\u00e4toimintaa (SYTY ry). Kylien liiketoiminta tarkoittaa t\u00e4ss\u00e4 yhteydess\u00e4 kaikkea kyliss\u00e4 tapahtuvaa liiketoimintaa. Ei siis pelk\u00e4st\u00e4\u00e4n kyl\u00e4yhdistyksen nimiss\u00e4 tehty\u00e4 tulonhankintaa.<\/em><\/p>\n\n\n\n<p><a href=\"http:\/\/www.kylatoiminta.fi\/uploads\/images\/tiedostot\/Hankkeet\/Kylien-Liiketoiminta-Opas-Internet.pdf\" target=\"_blank\" rel=\"noreferrer noopener\">Kylien liiketoiminta -opas<\/a><\/p>\n\n\n\n<p><a href=\"http:\/\/www.kylatoiminta.fi\/uploads\/images\/tiedostot\/Hankkeet\/Liiketoiminta-analyysi-Internet.pdf\" target=\"_blank\" rel=\"noreferrer noopener\">Liiketoiminta-analyysi<\/a><\/p>\n\n\n\n<p><a href=\"http:\/\/www.kylatoiminta.fi\/uploads\/images\/kuvat%20ajankohtaista\/VarainhankintaOpas.pdf\" target=\"_blank\" rel=\"noreferrer noopener\">Varainhankinnan opas<\/a><\/p>\n\n\n\n<p><a rel=\"noreferrer noopener\" href=\"http:\/\/www.poliisi.fi\/luvat\/arpajaishallinto\/rahankeraykset\" target=\"_blank\"><em>Rahanker\u00e4yslupa &#8211; www.poliisi.fi<\/em><\/a><br><em>Mit\u00e4 pit\u00e4\u00e4 huomioida ja kuka saa ker\u00e4t\u00e4 rahaa? Tarkemmin rahanker\u00e4yksest\u00e4 viel\u00e4&nbsp;<a rel=\"noreferrer noopener\" href=\"http:\/\/www.finlex.fi\/fi\/laki\/ajantasa\/2006\/20060255\" target=\"_blank\">rahanker\u00e4yslaista<\/a><\/em><\/p>\n\n\n\n<p><a rel=\"noreferrer noopener\" href=\"https:\/\/www.theseus.fi\/bitstream\/handle\/10024\/42181\/Petra_KortelainenOpas.pdf?sequence=2\" target=\"_blank\">Tuotteistamisopas 3. sektorille<\/a><br><em>Tuotteistamisoppaan tarkoituksena on antaa selkeit\u00e4 ty\u00f6kaluja 3. sektorin toimijoille palveluiden tuotteistamisprosessiin. Oppaassa pohditaan 3. sektorin vahvuuksia ja heikkouksia palveluiden tuottajana.<\/em><\/p>\n\n\n\n<p><strong><a name=\"kylasuu\">KYL\u00c4SUUNNITELMA<\/a><\/strong><\/p>\n\n\n\n<p><a rel=\"noreferrer noopener\" aria-label=\" (avautuu uudessa v\u00e4lilehdess\u00e4)\" href=\"http:\/\/www.kylatoiminta.fi\/uploads\/images\/tiedostot\/yleist%C3%A4\/Kylasuunnitteluopas.pdf\" target=\"_blank\">Opas kyl\u00e4suunnitelman tekoon<\/a><br><em>Suomen kylien sivuilta l\u00f6ytyv\u00e4 &#8221;kyl\u00e4suunnitelma, tulevaisuuden ty\u00f6v\u00e4line&#8221; -opas.<\/em><\/p>\n\n\n\n<p><strong><a name=\"kylatal\">KYL\u00c4TALO<\/a><\/strong><\/p>\n\n\n\n<p><a rel=\"noreferrer noopener\" aria-label=\" (avautuu uudessa v\u00e4lilehdess\u00e4)\" href=\"https:\/\/ekokumppanit.fi\/wp-content\/uploads\/kylatalo-kuntoon-opas_web.pdf\" target=\"_blank\">Kyl\u00e4talo kuntoon -opas<\/a><br>Tamkin, Ahlmanin ja ekokumppanien kyl\u00e4talot kuntoon -hankkeen opas kyl\u00e4talon energia- ymp\u00e4rist\u00f6asioiden parantamiseen.<\/p>\n\n\n\n<p><strong><a name=\"kylatur\">KYL\u00c4TURVALLISUUS<\/a><\/strong><\/p>\n\n\n\n<p><a rel=\"noreferrer noopener\" href=\"http:\/\/www.xn--kylturvallisuus-2kb.fi\/opas\/Etusivu\" target=\"_blank\">Kyl\u00e4turvallisuus.fi<\/a><br><em>Kyl\u00e4turvallisuus.fi -sivusto on perustettu osana Suomen Pelastusalan Keskusj\u00e4rjest\u00f6n kyl\u00e4turvallisuutta kehitt\u00e4v\u00e4\u00e4 projektia. Sivuston tarkoitus on koota yhteen kyl\u00e4turvallisuuteen liittyvi\u00e4 aineistoja asukkaiden ja kehitt\u00e4jien tueksi ja tiedon v\u00e4yl\u00e4ksi.<\/em><\/p>\n\n\n\n<p><a rel=\"noreferrer noopener\" href=\"http:\/\/www.turvallisuussuunnittelu.fi\/fi\/index.html\" target=\"_blank\">Turvallisuussuunnittelu<\/a><br><em>Sivustolla kerrotaan turvallisuussuunnittelusta tarkemmin ja kuvataan sen kehityst\u00e4 ja nykytilaa Suomessa sek\u00e4 tuodaan esille turvallisuussuunnittelun ajankohtaisia valtakunnallisia painopisteit\u00e4. Sivustolla esitell\u00e4\u00e4n keskeisi\u00e4 turvallisuussuunnitteluun liittyvi\u00e4 julkaisuja ja turvallisuussuunnittelun hyvi\u00e4 k\u00e4yt\u00e4nt\u00f6j\u00e4.<\/em><\/p>\n\n\n\n<p><strong><a name=\"tapahtuma\">TAPAHTUMAN J\u00c4RJEST\u00c4MINEN<\/a><\/strong><\/p>\n\n\n\n<p><a rel=\"noreferrer noopener\" href=\"https:\/\/www.poliisi.fi\/luvat\/ilmoitus_yleisotilaisuudesta\" target=\"_blank\">Ilmoitus yleis\u00f6tilaisuudesta poliisille &#8211; www.poliisi.fi<\/a><br><em>T\u00e4lt\u00e4 sivulta l\u00f6yd\u00e4t poliisin ohjeistuksen siit\u00e4, mit\u00e4 tulee huomioida tapahtumaa j\u00e4rjestett\u00e4ess\u00e4 sek\u00e4 mallipohjan ilmoituksille. Kirjallinen ilmoitus toimitetaan v\u00e4hint\u00e4\u00e4n 5vrk ennen tapahtumaa j\u00e4rjest\u00e4mispaikan poliisille.<\/em><\/p>\n\n\n\n<p><a rel=\"noreferrer noopener\" aria-label=\"Tukes - Yleis\u00f6- ja tapahtumaturvallisuus\n (avautuu uudessa v\u00e4lilehdess\u00e4)\" href=\"https:\/\/tukes.fi\/tapahtumaturvallisuus?fbclid=IwAR01wFPlsTPLvHS4Ad9Zv4DGPErT2bjPqIj3EYye_dQm9-q22_Abg7FnyVE\" target=\"_blank\">Tukes &#8211; Yleis\u00f6- ja tapahtumaturvallisuus<br><\/a><em>Tapahtumaturvallisuuden mit\u00e4, miss\u00e4, miksi ja milloin. Eli siis m\u00e4\u00e4rittely, suunnittelu, toimiminen ja lains\u00e4\u00e4d\u00e4nt\u00f6<\/em>.<\/p>\n\n\n\n<p><a rel=\"noreferrer noopener\" href=\"http:\/\/pspelastuslaitos.fi\/Pohjoissavo-511\" target=\"_blank\">Pelastussuunnitelma pelastuslaitokselle &#8211; Pohjois-Savon pelastuslaitos<\/a><br><em>T\u00e4lt\u00e4 sivulta l\u00f6yd\u00e4t ohjeistuksen pelastussuunnitelman ja ensiapusuunnitelman tekemiseen sek\u00e4 mallipohjat. Suunnitelmat palautetaan oman maakunnan pelastuslaitokselle.<\/em><\/p>\n\n\n\n<p><strong><a name=\"muut\">MUUT<\/a><\/strong><\/p>\n\n\n\n<p><a rel=\"noreferrer noopener\" href=\"https:\/\/www.innokyla.fi\/\" target=\"_blank\">Innokyl\u00e4 &#8211; avoin innovaatioyhteis\u00f6<\/a><br><em>Yhteisen kehitt\u00e4misen ja ideoinnin ymp\u00e4rist\u00f6. Alta olevista linkeist\u00e4 l\u00f6ytyv\u00e4 ty\u00f6kirja ja k\u00e4sikirja on kokoelma k\u00e4yt\u00e4nn\u00f6nl\u00e4heisi\u00e4 ty\u00f6kaluja ja ohjeita yhdistyksen palvelutoiminnan kehitt\u00e4miseen. 38 ty\u00f6kalun tarkoituksena on auttaa ja tukea yhdistyksi\u00e4 palvelutoiminnan suunnittelussa, toteuttamisessa ja seurannassa.<\/em><br><a rel=\"noreferrer noopener\" href=\"https:\/\/www.innokyla.fi\/documents\/859508\/c2df804f-1d9d-4761-b385-0fedbacd385f\" target=\"_blank\">K\u00e4sikirja<\/a><br><a rel=\"noreferrer noopener\" href=\"https:\/\/www.innokyla.fi\/documents\/859508\/bf7bcd88-e719-4862-aced-346f6477cca2\" target=\"_blank\">Ty\u00f6kirja<\/a><\/p>\n\n\n\n<p><a rel=\"noreferrer noopener\" href=\"https:\/\/www.jarjestohautomo.fi\/\" target=\"_blank\">J\u00e4rjest\u00f6hautomosta apua yhdistyksen perustamiseen<\/a><br><em>J\u00e4rjest\u00f6hautomosta saat tietoa ja tukea yhdistyksen perustamiseen, talouteen, hallintoon, varainhankintaan sek\u00e4&nbsp;avustushakemusten laatimiseen jne. T\u00e4ll\u00e4 sivustolla voit tutustua toimintaamme ja koulutuspalveluihimme. Sivustolla on my\u00f6s videomateriaalia.<\/em><\/p>\n\n\n\n<p><a rel=\"noreferrer noopener\" href=\"https:\/\/www.kansalaisyhteiskunta.fi\/tietopalvelu\" target=\"_blank\">Kansalaistoiminnan tietopankki &#8211; kansalaisyhteiskunta<\/a><br><em>J\u00e4rjest\u00f6toiminnan tietopalvelussa on\u00a0<strong>asiantuntija-artikkeleilta<\/strong>\u00a0 ja\u00a0<strong>kirjaesittelyj\u00e4<\/strong>\u00a0kansalaistoiminnan eri osa-alueilta. Lis\u00e4ksi tietopalvelu tarjoaa\u00a0<strong>tiivistetty\u00e4 tietoa<\/strong>\u00a0kansalaistoimintaa laajasti k\u00e4sittelevist\u00e4 tutkimuksista, selvityksist\u00e4 ja raporteista. Satoja artikkeleja k\u00e4sitt\u00e4v\u00e4n tietopalvelun l\u00e4ht\u00f6kohta on yleishy\u00f6dyllinen ja se t\u00e4ydentyy koko ajan uusilla artikkeleilla.<\/em><\/p>\n\n\n\n<p><a rel=\"noreferrer noopener\" href=\"http:\/\/shop.kunnat.net\/\" target=\"_blank\">Kuntaliiton kirjaverkkokauppa &#8211; shop.kunnat.net<\/a><br><em>Kuntaliiton verkkokaupan kirjat p\u00e4\u00e4osin, ellei kaikki, ilmaiseksi luettavissa ja ladattavissa.<\/em><br><a rel=\"noreferrer noopener\" href=\"http:\/\/shop.kunnat.net\/product_details.php?p=3366\" target=\"_blank\">Asiakas- ja k\u00e4ytt\u00e4j\u00e4l\u00e4ht\u00f6ist\u00e4 l\u00e4hipalvelujen kehitt\u00e4mist\u00e4 Kainuussa yhdess\u00e4 kuntalaisten kanssa.<\/a><br><a rel=\"noreferrer noopener\" href=\"http:\/\/shop.kunnat.net\/product_details.php?p=3356\" target=\"_blank\">Osallistuva budjetointi kunnissa ja maakunnissa<\/a><\/p>\n\n\n\n<p><a rel=\"noreferrer noopener\" aria-label=\" (avautuu uudessa v\u00e4lilehdess\u00e4)\" href=\"https:\/\/www.suomenkylat.fi\/\" target=\"_blank\">Lainopillinen neuvonta ja muu tuki kyl\u00e4toimintaan &#8211; SYTY ry &#8211; Suomen kyl\u00e4t ry<\/a><br><em>Suomen Kyl\u00e4t ry eli SYTY edist\u00e4\u00e4 paikallista kylien ja kaupunginosayhdistysten kehitt\u00e4mist\u00e4 valtakunnallisesti sek\u00e4 toimii paikallista kehitt\u00e4mist\u00e4 edist\u00e4vien j\u00e4rjest\u00f6jen, kylien sek\u00e4 Leader-ryhmien eduntekij\u00e4n\u00e4.<\/em><\/p>\n\n\n\n<p><a rel=\"noreferrer noopener\" href=\"https:\/\/helda.helsinki.fi\/bitstream\/handle\/10138\/38724\/SY3_2012_Kylayleiskaavoitus_FINAL.pdf?sequence=1\" target=\"_blank\">Opas kaavoitukseen liittyen &#8211; Ymp\u00e4rist\u00f6ministeri<\/a><br><em>Ymp\u00e4rist\u00f6ministeri\u00f6n opas vuodelta 2012 kaavoitukseen liittyen.<\/em><\/p>\n\n\n\n<p><a rel=\"noreferrer noopener\" href=\"http:\/\/docplayer.fi\/3111374-Yhdistys-tyonantajana.html\" target=\"_blank\">Opas ty\u00f6ntekij\u00e4n palkkaamisesta yhdistykselle &#8211; MLL<\/a><br><em>Mannerheimin lastensuojeluliiton opas ty\u00f6ntekij\u00e4n palkkaamiseen liittyen. Opas on laadittu siten, ett\u00e4 sit\u00e4 voidaan soveltaa my\u00f6s muihin yhdistyksiin kuin MLL omiin alayhdistyksiin.<\/em><\/p>\n\n\n\n<p><a rel=\"noreferrer noopener\" href=\"http:\/\/www.kylayhdistys.fi\/d\/sites\/default\/files\/files\/Some-ja-kylat_Digiteekki_2015.pdf\" target=\"_blank\">Sosiaalisen median opas<\/a><br><em>Sosiaalinen media kyl\u00e4toimijoiden viestinn\u00e4ss\u00e4 ja kylien markkinoinnissa.<\/em><\/p>\n\n\n\n<p><a rel=\"noreferrer noopener\" href=\"http:\/\/vm.fi\/artikkeli\/-\/asset_publisher\/vapaaehtoistyo-talkootyo-naapuriapu-kaikki-kay\" target=\"_blank\">Vapaaehtoisty\u00f6, talkooty\u00f6, naapuriapu &#8211; kaikki k\u00e4y<\/a><br><em>Valtiovarainministeri\u00f6n asettama Vapaaehtoisty\u00f6n koordinaatiota ja toimintaedellytysten kehitt\u00e4mist\u00e4 selvitt\u00e4v\u00e4n ty\u00f6ryhm\u00e4n loppuraportti.<\/em><\/p>\n\n\n\n<p><a rel=\"noreferrer noopener\" href=\"http:\/\/www.kansalaisareena.fi\/VAPAAEHTOISTOIMINTAA_KEHITTAMAAN.pdf\" target=\"_blank\">Vapaahtoisty\u00f6t\u00e4 kehitt\u00e4m\u00e4\u00e4n &#8211; opas ammatillisille museoille<\/a><br><em>T\u00e4m\u00e4 opas on tarkoitettu kaikille museoalalla toimiville, jotka ovat pohtineet n\u00e4it\u00e4 kysymyksi\u00e4 ja ovat kiinnostuneita kehitt\u00e4m\u00e4\u00e4n vapaaehtoisty\u00f6t\u00e4 osana museon toimintaa. Saat oppaasta vinkkej\u00e4 muun muassa vapaaehtoistoiminnan k\u00e4ynnist\u00e4miseen ja organisointiin sek\u00e4 tietoa vapaaehtoistoimintaan liittyv\u00e4st\u00e4 lains\u00e4\u00e4d\u00e4nn\u00f6st\u00e4.<\/em><\/p>\n\n\n\n<p><a rel=\"noreferrer noopener\" href=\"https:\/\/www.popleader.fi\/assets\/site\/popleader\/files\/Yhdess_tehden_final.pdf\" target=\"_blank\">Yhdess\u00e4 tehden<\/a><br><em>Hyvi\u00e4 k\u00e4yt\u00e4nt\u00f6j\u00e4 yhdess\u00e4 tehden. Yhteis\u00f6 hautomo -hankkeen loppuraportti.<\/em><\/p>\n\n\n\n<p><a rel=\"noreferrer noopener\" aria-label=\" (avautuu uudessa v\u00e4lilehdess\u00e4)\" href=\"https:\/\/www.ksl.fi\/wp-content\/uploads\/2018\/06\/Yhdistystoiminnan-avaimet_verkkoversio_FINAL.pdf\" target=\"_blank\">Yhdistystoiminnan avaimet -opas<\/a><br><em>Kansan sivistysty\u00f6n liiton opas yhdistystoiminnasta.<\/em><\/p>\n\n\n\n<p><strong><a name=\"ohjelmisto\">AUTTAVIA OHJELMISTOJA<\/a><\/strong><\/p>\n\n\n\n<p><a rel=\"noreferrer noopener\" href=\"https:\/\/techsoup.fi\/\" target=\"_blank\">Ohjelmistolahjoituksia ja -ratkaisuja yhdistyksille &#8211; techsoup.fi<\/a><br><em>Toimivat ohjelmistot helpottavat yhdistyksen toimintaa. Alta listattuna lis\u00e4ksi joitain yhdistyk\u00e4yt\u00f6ss\u00e4kin ilmaisia ohjelmia, jotka helpottavat mm. mainontaa.<\/em><\/p>\n\n\n\n<p><a rel=\"noreferrer noopener\" href=\"https:\/\/www.gimp.org\/\" target=\"_blank\">Kuvank\u00e4sittelyohjelma Gimp<\/a><br>Ilmainen kuvank\u00e4sittelyohjelma<\/p>\n\n\n\n<p><a rel=\"noreferrer noopener\" href=\"https:\/\/www.scribus.net\/?q=windows\" target=\"_blank\">Taitto- ja julkaisuohjelma Scripus (windowsille)<\/a><br>Ilmainen taitto- ja julkaisuohjelma<\/p>\n\n\n\n<p><a rel=\"noreferrer noopener\" href=\"https:\/\/www.openoffice.org\/download\/index.html\" target=\"_blank\">Toimistoty\u00f6kalut (Kirjoitus, taulukkolaskenta, diaesitys) Open officelta<\/a><br>Ilmainen toimisto-ohjelmisto<\/p>\n\n\n\n<p><a rel=\"noreferrer noopener\" href=\"https:\/\/inkscape.org\/en\/\" target=\"_blank\">Vektorigrafiikkaaohjelma Inkscape<\/a><br>Ilmainen vektorigrafiikkaohjelmisto<\/p>\n","protected":false},"excerpt":{"rendered":"<p>yhdistyksen hallinto | varainhankinta | kyl\u00e4suunnitelma | kyl\u00e4talo | kyl\u00e4turvallisuus | tapahtumat | muut | ohjelmistot YHDISTYKSEN PERUSTAMINEN, MUUTOKSET JA HALLINTO J\u00e4senrekistereist\u00e4 ja henkil\u00f6tietojen tietosuojasta &#8211; tietosuojavaltuutettuTietosuojavaltuutetun ohjeita my\u00f6s yhdistyksen ker\u00e4\u00e4miin ja s\u00e4ilytt\u00e4miin henkil\u00f6tietoihin liittyen Kyl\u00e4talousopasYhteis\u00f6talouden k\u00e4sikirja. Patentti- ja rekisterihallitus &#8211; www.prh-fiPRH:n sivuilta l\u00f6yd\u00e4t kattavan tietopaketin yhdistyksen perustamiseen liittyen. Yhdistyksen verotuksesta &#8211; www.vero.fiVerottajan verkkosivulta l\u00f6yd\u00e4t [&hellip;]<\/p>\n","protected":false},"author":1,"featured_media":0,"parent":57,"menu_order":0,"comment_status":"closed","ping_status":"closed","template":"","meta":{"footnotes":""},"class_list":["post-58","page","type-page","status-publish","czr-hentry"],"_links":{"self":[{"href":"https:\/\/www.jarvisuomenkylat.fi\/index.php\/wp-json\/wp\/v2\/pages\/58","targetHints":{"allow":["GET"]}}],"collection":[{"href":"https:\/\/www.jarvisuomenkylat.fi\/index.php\/wp-json\/wp\/v2\/pages"}],"about":[{"href":"https:\/\/www.jarvisuomenkylat.fi\/index.php\/wp-json\/wp\/v2\/types\/page"}],"author":[{"embeddable":true,"href":"https:\/\/www.jarvisuomenkylat.fi\/index.php\/wp-json\/wp\/v2\/users\/1"}],"replies":[{"embeddable":true,"href":"https:\/\/www.jarvisuomenkylat.fi\/index.php\/wp-json\/wp\/v2\/comments?post=58"}],"version-history":[{"count":15,"href":"https:\/\/www.jarvisuomenkylat.fi\/index.php\/wp-json\/wp\/v2\/pages\/58\/revisions"}],"predecessor-version":[{"id":479,"href":"https:\/\/www.jarvisuomenkylat.fi\/index.php\/wp-json\/wp\/v2\/pages\/58\/revisions\/479"}],"up":[{"embeddable":true,"href":"https:\/\/www.jarvisuomenkylat.fi\/index.php\/wp-json\/wp\/v2\/pages\/57"}],"wp:attachment":[{"href":"https:\/\/www.jarvisuomenkylat.fi\/index.php\/wp-json\/wp\/v2\/media?parent=58"}],"curies":[{"name":"wp","href":"https:\/\/api.w.org\/{rel}","templated":true}]}}