{"id":57,"date":"2019-12-10T17:46:48","date_gmt":"2019-12-10T17:46:48","guid":{"rendered":"http:\/\/www.jarvisuomenkylat.fi\/?page_id=57"},"modified":"2020-01-27T12:45:51","modified_gmt":"2020-01-27T12:45:51","slug":"linkit","status":"publish","type":"page","link":"https:\/\/www.jarvisuomenkylat.fi\/index.php\/linkit\/","title":{"rendered":"Linkit"},"content":{"rendered":"\n<p><a href=\"#fb\">Facebook<\/a> | <a href=\"#leader\">Leader<\/a> | <a href=\"#www\">www-sivut<\/a> <\/p>\n\n\n\n<p><strong><a name=\"fb\">FACEBOOK-SIVUSTOT<\/a><\/strong><\/p>\n\n\n\n<p>J\u00e4rvi-Suomen kyl\u00e4t ry &#8211;&nbsp;<a href=\"https:\/\/www.facebook.com\/jarvisuomenkylat\/?fref=ts\" target=\"_blank\" rel=\"noreferrer noopener\">www.facebook.com\/jarvisuomenkylat\/?fref=ts<\/a><\/p>\n\n\n\n<p>Suomen kyl\u00e4toiminta ry &#8211;&nbsp;<a href=\"https:\/\/www.facebook.com\/Suomenkylat\/\" target=\"_blank\" rel=\"noreferrer noopener\">www.facebook.com\/SuomenKylatoimintaRy\/?fref=ts<\/a><\/p>\n\n\n\n<p><strong><a name=\"leader\">LEADER-RYHM\u00c4T ALUEELLAMME<\/a><\/strong><\/p>\n\n\n\n<p>Pi\u00e4llysmies &#8211;&nbsp;<a href=\"http:\/\/www.piallysmies.fi\/\" target=\"_blank\" rel=\"noreferrer noopener\">www.piallysmies.fi<\/a><\/p>\n\n\n\n<p><em>Enonkoski, Hein\u00e4vesi ja Savonlinna (pois lukien kaupunkikeskusta).<\/em><\/p>\n\n\n\n<p>P\u00e4ij\u00e4nne-leader &#8211;&nbsp;<a href=\"http:\/\/www.paijanne-leader.fi\/\" target=\"_blank\" rel=\"noreferrer noopener\">www.paijanne-leader.fi<\/a><\/p>\n\n\n\n<p>A<em>sikkala, Hartola, Heinola, Padasjoki, Pertunmaa ja Sysm\u00e4.<\/em><\/p>\n\n\n\n<p>Rajupusu &#8211;&nbsp;<a href=\"http:\/\/rajupusuleader.fi\/\" target=\"_blank\" rel=\"noreferrer noopener\">rajupusuleader.fi<\/a><\/p>\n\n\n\n<p><em>Joroinen, Juva, Rantasalmi ja Sulkava<\/em>.<\/p>\n\n\n\n<p>Veej&#8217;jakaja &#8211;&nbsp;<a href=\"http:\/\/www.veejjakaja.fi\/\" target=\"_blank\" rel=\"noreferrer noopener\">www.veejjakaja.fi<\/a><\/p>\n\n\n\n<p><em>Hirvensalmi, Kangasniemi, Mikkeli (pois lukien kaupunkikeskusta), M\u00e4ntyharju, Pieks\u00e4m\u00e4ki ja Puumala.<\/em><\/p>\n\n\n\n<p><strong><a name=\"www\">WWW-SIVUSTOT<\/a><\/strong><\/p>\n\n\n\n<p>Kansalaisareena &#8211;&nbsp;<a href=\"http:\/\/www.kansalaisareena.fi\/\" target=\"_blank\" rel=\"noreferrer noopener\">www.kansalaisareena.fi<\/a><\/p>\n\n\n\n<p><em>Kansalaisareena on ainoa kaikkien vapaaehtoistoimijoiden edunvalvoja Suomessa. L\u00e4hes puolet suomalaisista tekee vapaaehtoisty\u00f6t\u00e4 ja nelj\u00e4 viidest\u00e4 on kiinnostunut tekem\u00e4\u00e4n vapaaehtoisty\u00f6t\u00e4. Monimuotoinen kansalaistoiminta tarjoaa runsaasti sek\u00e4 aktiivista paikallista toimintaa ett\u00e4 n\u00e4ytt\u00e4vi\u00e4 valtakunnallisia tapahtumia. Tulevaisuuden innovaatiot syntyv\u00e4t verkostoissa.<\/em><\/p>\n\n\n\n<p>Kansalaisyhteiskunta &#8211;&nbsp;<a href=\"https:\/\/www.kansalaisyhteiskunta.fi\/\" target=\"_blank\" rel=\"noreferrer noopener\">www.kansalaisyhteiskunta.fi\/<\/a><\/p>\n\n\n\n<p><em>sivusto palvelee suomalaisia kansalaisj\u00e4rjest\u00f6j\u00e4 ja niiden toiminnasta kiinnostuneita henkil\u00f6it\u00e4. Sivusto antaa sek\u00e4 perustietoa suomalaisesta kansalaisyhteiskunnasta ett\u00e4 nostaa esiin alan ajankohtaisia teemoja ja julkaisuja.<\/em><\/p>\n\n\n\n<p>Kuntaliitto &#8211;&nbsp;<a href=\"https:\/\/www.kuntaliitto.fi\/\" target=\"_blank\" rel=\"noreferrer noopener\">www.kuntaliitto.fi<\/a><\/p>\n\n\n\n<p><em>Ajankohtaista kuntatietoutta<\/em><\/p>\n\n\n\n<p>Maaseutupolitiikka.fi &#8211;&nbsp;<a href=\"http:\/\/www.maaseutupolitiikka.fi\/\" target=\"_blank\" rel=\"noreferrer noopener\">www.maaseutupolitiikka.fi<\/a><\/p>\n\n\n\n<p><em>Maaseutupolitiikan verkosto edist\u00e4\u00e4 maaseudun huomioon ottamista p\u00e4\u00e4t\u00f6ksenteossa. Verkosto kokoaa yhteen maaseudun kehitt\u00e4ji\u00e4,edunvalvontaj\u00e4rjest\u00f6j\u00e4, hallintoa ja p\u00e4\u00e4tt\u00e4ji\u00e4, kylist\u00e4 valtionhallintoon.<\/em><\/p>\n\n\n\n<p>Suomen kyl\u00e4t ry &#8211;&nbsp;<a rel=\"noreferrer noopener\" aria-label=\" (avautuu uudessa v\u00e4lilehdess\u00e4)\" href=\"http:\/\/www.suomenkylat.fi\/\" target=\"_blank\">www.suomenkylat.fi<\/a><\/p>\n\n\n\n<p><em>Kyl\u00e4toiminnan sek\u00e4 leader-ryhmien \u00e4\u00e4nenkannattaja<\/em><\/p>\n\n\n\n<p>Suomi.fi &#8211;&nbsp;<a href=\"https:\/\/www.suomi.fi\/etusivu\/\" target=\"_blank\" rel=\"noreferrer noopener\">www.suomi.fi<\/a><\/p>\n\n\n\n<p><em>Julkiset palvelut yhdest\u00e4 osoitteesta.<\/em><\/p>\n","protected":false},"excerpt":{"rendered":"<p>Facebook | Leader | www-sivut FACEBOOK-SIVUSTOT J\u00e4rvi-Suomen kyl\u00e4t ry &#8211;&nbsp;www.facebook.com\/jarvisuomenkylat\/?fref=ts Suomen kyl\u00e4toiminta ry &#8211;&nbsp;www.facebook.com\/SuomenKylatoimintaRy\/?fref=ts LEADER-RYHM\u00c4T ALUEELLAMME Pi\u00e4llysmies &#8211;&nbsp;www.piallysmies.fi Enonkoski, Hein\u00e4vesi ja Savonlinna (pois lukien kaupunkikeskusta). P\u00e4ij\u00e4nne-leader &#8211;&nbsp;www.paijanne-leader.fi Asikkala, Hartola, Heinola, Padasjoki, Pertunmaa ja Sysm\u00e4. Rajupusu &#8211;&nbsp;rajupusuleader.fi Joroinen, Juva, Rantasalmi ja Sulkava. Veej&#8217;jakaja &#8211;&nbsp;www.veejjakaja.fi Hirvensalmi, Kangasniemi, Mikkeli (pois lukien kaupunkikeskusta), M\u00e4ntyharju, Pieks\u00e4m\u00e4ki ja Puumala. WWW-SIVUSTOT Kansalaisareena [&hellip;]<\/p>\n","protected":false},"author":1,"featured_media":0,"parent":0,"menu_order":0,"comment_status":"closed","ping_status":"closed","template":"","meta":{"footnotes":""},"class_list":["post-57","page","type-page","status-publish","czr-hentry"],"_links":{"self":[{"href":"https:\/\/www.jarvisuomenkylat.fi\/index.php\/wp-json\/wp\/v2\/pages\/57","targetHints":{"allow":["GET"]}}],"collection":[{"href":"https:\/\/www.jarvisuomenkylat.fi\/index.php\/wp-json\/wp\/v2\/pages"}],"about":[{"href":"https:\/\/www.jarvisuomenkylat.fi\/index.php\/wp-json\/wp\/v2\/types\/page"}],"author":[{"embeddable":true,"href":"https:\/\/www.jarvisuomenkylat.fi\/index.php\/wp-json\/wp\/v2\/users\/1"}],"replies":[{"embeddable":true,"href":"https:\/\/www.jarvisuomenkylat.fi\/index.php\/wp-json\/wp\/v2\/comments?post=57"}],"version-history":[{"count":5,"href":"https:\/\/www.jarvisuomenkylat.fi\/index.php\/wp-json\/wp\/v2\/pages\/57\/revisions"}],"predecessor-version":[{"id":309,"href":"https:\/\/www.jarvisuomenkylat.fi\/index.php\/wp-json\/wp\/v2\/pages\/57\/revisions\/309"}],"wp:attachment":[{"href":"https:\/\/www.jarvisuomenkylat.fi\/index.php\/wp-json\/wp\/v2\/media?parent=57"}],"curies":[{"name":"wp","href":"https:\/\/api.w.org\/{rel}","templated":true}]}}