{"id":34,"date":"2019-12-10T17:22:53","date_gmt":"2019-12-10T17:22:53","guid":{"rendered":"http:\/\/www.jarvisuomenkylat.fi\/?page_id=34"},"modified":"2025-01-28T10:07:55","modified_gmt":"2025-01-28T10:07:55","slug":"paikalliskoulutus","status":"publish","type":"page","link":"https:\/\/www.jarvisuomenkylat.fi\/index.php\/haussa-nyt\/paikalliskoulutus\/","title":{"rendered":"Paikalliskoulutus"},"content":{"rendered":"\n<p>Tarvitsetteko apua toimintaan? Oletteko perustamassa uutta toimintaa? Onko uusimmat k\u00e4\u00e4nteet tietosuoja-asetuksessa hallussa? Onko kaikki toimijat tietoisia mit\u00e4 omaan teht\u00e4v\u00e4\u00e4n kuuluu yhdistys toiminnan ja lains\u00e4\u00e4d\u00e4nn\u00f6n puitteissa? Taittuuko Canvalla mainosten ja ilmoitusten teko?<br>N\u00e4ihin kaikkiin ja moniin muihin koulutustarpeisiin voimme tarjota apua veloituksetta. Ota rohkeasti yhteytt\u00e4 ja mietit\u00e4\u00e4n yhdess\u00e4 mill\u00e4 koulutuksella voisimme kehitt\u00e4\u00e4 aluettanne! <\/p>\n\n\n\n<p>Kyl\u00e4koutsit auttavat koulutusten j\u00e4rjest\u00e4misess\u00e4 &#8211; j\u00e4t\u00e4 ideasi oheisella hakemuksella ja kehitet\u00e4\u00e4n yhdess\u00e4 lis\u00e4\u00e4!<\/p>\n\n\n\n\n<div class=\"wpcf7 no-js\" id=\"wpcf7-f127-o1\" lang=\"fi\" dir=\"ltr\" data-wpcf7-id=\"127\">\n<div class=\"screen-reader-response\"><p role=\"status\" aria-live=\"polite\" aria-atomic=\"true\"><\/p> <ul><\/ul><\/div>\n<form action=\"\/index.php\/wp-json\/wp\/v2\/pages\/34#wpcf7-f127-o1\" method=\"post\" class=\"wpcf7-form init\" aria-label=\"Yhteydenottolomake\" novalidate=\"novalidate\" data-status=\"init\">\n<fieldset class=\"hidden-fields-container\"><input type=\"hidden\" name=\"_wpcf7\" value=\"127\" \/><input type=\"hidden\" name=\"_wpcf7_version\" value=\"6.1.5\" \/><input type=\"hidden\" name=\"_wpcf7_locale\" value=\"fi\" \/><input type=\"hidden\" name=\"_wpcf7_unit_tag\" value=\"wpcf7-f127-o1\" \/><input type=\"hidden\" name=\"_wpcf7_container_post\" value=\"0\" \/><input type=\"hidden\" name=\"_wpcf7_posted_data_hash\" value=\"\" \/><input type=\"hidden\" name=\"_wpcf7_recaptcha_response\" value=\"\" \/>\n<\/fieldset>\n<p>Haen koulutusta:<br \/>\n<span class=\"wpcf7-form-control-wrap\" data-name=\"alue\"><span class=\"wpcf7-form-control wpcf7-radio\"><span class=\"wpcf7-list-item first\"><input type=\"radio\" name=\"alue\" value=\"Mikkelin alueelle\" checked=\"checked\" \/><span class=\"wpcf7-list-item-label\">Mikkelin alueelle<\/span><\/span><span class=\"wpcf7-list-item\"><input type=\"radio\" name=\"alue\" value=\"Pieks\u00e4m\u00e4en alueelle\" \/><span class=\"wpcf7-list-item-label\">Pieks\u00e4m\u00e4en alueelle<\/span><\/span><span class=\"wpcf7-list-item last\"><input type=\"radio\" name=\"alue\" value=\"Savonlinnan alueelle\" \/><span class=\"wpcf7-list-item-label\">Savonlinnan alueelle<\/span><\/span><\/span><\/span><br \/>\n<label> Nimi: (pakollinen)<br \/>\n<span class=\"wpcf7-form-control-wrap\" data-name=\"your-name\"><input size=\"40\" maxlength=\"400\" class=\"wpcf7-form-control wpcf7-text wpcf7-validates-as-required\" aria-required=\"true\" aria-invalid=\"false\" value=\"\" type=\"text\" name=\"your-name\" \/><\/span> <\/label><br \/>\n<label> S\u00e4hk\u00f6posti: (pakollinen)<br \/>\n<span class=\"wpcf7-form-control-wrap\" data-name=\"your-email\"><input size=\"40\" maxlength=\"400\" class=\"wpcf7-form-control wpcf7-email wpcf7-validates-as-required wpcf7-text wpcf7-validates-as-email\" aria-required=\"true\" aria-invalid=\"false\" value=\"\" type=\"email\" name=\"your-email\" \/><\/span> <\/label><br \/>\n<label> Haluaisin seuraavanlaista koulutusta:<br \/>\n<span class=\"wpcf7-form-control-wrap\" data-name=\"your-message\"><textarea cols=\"40\" rows=\"10\" maxlength=\"2000\" class=\"wpcf7-form-control wpcf7-textarea\" aria-invalid=\"false\" name=\"your-message\"><\/textarea><\/span> <\/label>\n<\/p>\n<span class=\"wpcf7-form-control-wrap recaptcha\" data-name=\"recaptcha\"><span data-sitekey=\"6LcHkckUAAAAAAXblTfIZYUbyiASHvSZ-S6jbmq-\" class=\"wpcf7-form-control wpcf7-recaptcha g-recaptcha\"><\/span>\r\n<noscript>\r\n\t<div class=\"grecaptcha-noscript\">\r\n\t\t<iframe loading=\"lazy\" src=\"https:\/\/www.google.com\/recaptcha\/api\/fallback?k=6LcHkckUAAAAAAXblTfIZYUbyiASHvSZ-S6jbmq-\" frameborder=\"0\" scrolling=\"no\" width=\"310\" height=\"430\">\r\n\t\t<\/iframe>\r\n\t\t<textarea name=\"g-recaptcha-response\" rows=\"3\" cols=\"40\" placeholder=\"reCaptcha Response Here\">\r\n\t\t<\/textarea>\r\n\t<\/div>\r\n<\/noscript>\r\n<\/span>\n<p><input class=\"wpcf7-form-control wpcf7-submit has-spinner\" type=\"submit\" value=\"L\u00e4het\u00e4\" \/>\n<\/p><div class=\"wpcf7-response-output\" aria-hidden=\"true\"><\/div>\n<\/form>\n<\/div>\n\n\n\n\n<p class=\"has-text-align-center\">  <a href=\"http:\/\/www.jarvisuomenkylat.fi\/index.php\/haussa-nyt\/\">&#8211; Takaisin haussa nyt! -sivulle &#8211;<\/a>  <\/p>\n","protected":false},"excerpt":{"rendered":"<p>Tarvitsetteko apua toimintaan? Oletteko perustamassa uutta toimintaa? Onko uusimmat k\u00e4\u00e4nteet tietosuoja-asetuksessa hallussa? Onko kaikki toimijat tietoisia mit\u00e4 omaan teht\u00e4v\u00e4\u00e4n kuuluu yhdistys toiminnan ja lains\u00e4\u00e4d\u00e4nn\u00f6n puitteissa? Taittuuko Canvalla mainosten ja ilmoitusten teko?N\u00e4ihin kaikkiin ja moniin muihin koulutustarpeisiin voimme tarjota apua veloituksetta. Ota rohkeasti yhteytt\u00e4 ja mietit\u00e4\u00e4n yhdess\u00e4 mill\u00e4 koulutuksella voisimme kehitt\u00e4\u00e4 aluettanne! Kyl\u00e4koutsit auttavat koulutusten j\u00e4rjest\u00e4misess\u00e4 [&hellip;]<\/p>\n","protected":false},"author":2,"featured_media":0,"parent":23,"menu_order":0,"comment_status":"closed","ping_status":"closed","template":"","meta":{"footnotes":""},"class_list":["post-34","page","type-page","status-publish","czr-hentry"],"_links":{"self":[{"href":"https:\/\/www.jarvisuomenkylat.fi\/index.php\/wp-json\/wp\/v2\/pages\/34","targetHints":{"allow":["GET"]}}],"collection":[{"href":"https:\/\/www.jarvisuomenkylat.fi\/index.php\/wp-json\/wp\/v2\/pages"}],"about":[{"href":"https:\/\/www.jarvisuomenkylat.fi\/index.php\/wp-json\/wp\/v2\/types\/page"}],"author":[{"embeddable":true,"href":"https:\/\/www.jarvisuomenkylat.fi\/index.php\/wp-json\/wp\/v2\/users\/2"}],"replies":[{"embeddable":true,"href":"https:\/\/www.jarvisuomenkylat.fi\/index.php\/wp-json\/wp\/v2\/comments?post=34"}],"version-history":[{"count":5,"href":"https:\/\/www.jarvisuomenkylat.fi\/index.php\/wp-json\/wp\/v2\/pages\/34\/revisions"}],"predecessor-version":[{"id":1110,"href":"https:\/\/www.jarvisuomenkylat.fi\/index.php\/wp-json\/wp\/v2\/pages\/34\/revisions\/1110"}],"up":[{"embeddable":true,"href":"https:\/\/www.jarvisuomenkylat.fi\/index.php\/wp-json\/wp\/v2\/pages\/23"}],"wp:attachment":[{"href":"https:\/\/www.jarvisuomenkylat.fi\/index.php\/wp-json\/wp\/v2\/media?parent=34"}],"curies":[{"name":"wp","href":"https:\/\/api.w.org\/{rel}","templated":true}]}}