{"id":335,"date":"2020-01-27T16:45:20","date_gmt":"2020-01-27T16:45:20","guid":{"rendered":"https:\/\/www.jarvisuomenkylat.fi\/?page_id=335"},"modified":"2021-04-14T10:45:03","modified_gmt":"2021-04-14T10:45:03","slug":"ansiomerkit","status":"publish","type":"page","link":"https:\/\/www.jarvisuomenkylat.fi\/index.php\/haussa-nyt\/ansiomerkit\/","title":{"rendered":"Ansiomerkit"},"content":{"rendered":"\n<p><strong>Etel\u00e4-Savon kyl\u00e4t ry:n j\u00e4senyhdistykset voivat palkita toimijoitaan ansiomerkeill\u00e4.<\/strong> <\/p>\n\n\n\n<p>Ansiomerkit my\u00f6nt\u00e4\u00e4 Suomen kyl\u00e4t ry mutta ansiomerkkej\u00e4 haetaan Etel\u00e4-Savon kyl\u00e4t ry:n kautta, joka esitt\u00e4\u00e4 ansiomerkin saajia Suomen kyl\u00e4t ry:lle.<\/p>\n\n\n\n<p>Ansiomerkkej\u00e4 on saatavilla pronssisena, hopeisena ja kultaisena. Niiss\u00e4 on pidikkeen\u00e4 tupella varustettu neula. <\/p>\n\n\n\n<p><strong>Pronssinen:<\/strong>  V\u00e4hint\u00e4\u00e4n 6 vuotta ansiokasta toimintaa kyl\u00e4toiminnan tai toimintaryhm\u00e4ty\u00f6n luottamus- tai toimihenkil\u00f6teht\u00e4viss\u00e4. My\u00f6nt\u00f6oikeus kyl\u00e4yhdistyksill\u00e4, kylien maakunnallisilla yhteenliittymill\u00e4, toimintaryhmill\u00e4 ja Suomen kyl\u00e4t ry:ll\u00e4.<br><em>Pronssinen ansiomerkki: 30 euroa<\/em> <\/p>\n\n\n\n<p><strong>Hopeinen:<\/strong> V\u00e4hint\u00e4\u00e4n 12  vuotta erityisen ansiokasta toimintaa kyl\u00e4toiminnan tai  toimintaryhm\u00e4ty\u00f6n luottamus- tai toimihenkil\u00f6teht\u00e4viss\u00e4. My\u00f6nt\u00f6oikeus kylien maakunnallisilla yhteenliittymill\u00e4, toimintaryhmill\u00e4 ja Suomen Kyl\u00e4t ry:ll\u00e4. Kyl\u00e4yhdistyksen hakiessa ansiomerkki\u00e4, hakemuksessa tulee olla maakunnallisen yhteenliittym\u00e4n tai toimintaryhm\u00e4n puoltava lausunto.<br><em>Hopeinen ansiomerkki: 60 euroa <\/em><\/p>\n\n\n\n<p><strong>Kultainen: <\/strong>Erityisen  painavat ansiot paikalliskehitt\u00e4misess\u00e4. Ei varsinaista  v\u00e4himm\u00e4isaikarajaa, mutta my\u00f6nnet\u00e4\u00e4n hyvin s\u00e4\u00e4steli\u00e4\u00e4sti. My\u00f6nt\u00f6oikeus  Suomen Kyl\u00e4t ry:n hallituksella. Hakijana voi olla kylien maakunnallinen  yhteenliittym\u00e4 tai toimintaryhm\u00e4. Kyl\u00e4yhdistyksen hakiessa  ansiomerkki\u00e4, hakemuksessa tulee olla maakunnallisen yhteenliittym\u00e4n tai  toimintaryhm\u00e4n puoltava lausunto. Kyl\u00e4toiminnan  tienn\u00e4ytt\u00e4jiksi ja maaseututoimijoiksi nimett\u00e4ville henkil\u00f6ille  my\u00f6nnet\u00e4\u00e4n samassa yhteydess\u00e4 kultainen ansiomerkki.<br><em>Kultainen ansiomerkki: 100 euroa<\/em> <\/p>\n\n\n\n<p><strong>Kyl\u00e4toiminnan viirin<\/strong>  k\u00e4ytt\u00f6tarkoitus on olla huomionosoitusv\u00e4line merkkip\u00e4ivi\u00e4, vierailuja  ja muita vastaavia tilanteita varten. Viirin my\u00f6nt\u00e4misen perusteena on  aina selke\u00e4, arvostusta her\u00e4tt\u00e4v\u00e4 yhteys paikalliseen kehitt\u00e4miseen.<br><em>Viiri: 30 euroa&nbsp; <\/em><\/p>\n\n\n\n\n<div class=\"wpcf7 no-js\" id=\"wpcf7-f336-o1\" lang=\"fi\" dir=\"ltr\" data-wpcf7-id=\"336\">\n<div class=\"screen-reader-response\"><p role=\"status\" aria-live=\"polite\" aria-atomic=\"true\"><\/p> <ul><\/ul><\/div>\n<form action=\"\/index.php\/wp-json\/wp\/v2\/pages\/335#wpcf7-f336-o1\" method=\"post\" class=\"wpcf7-form init\" aria-label=\"Yhteydenottolomake\" novalidate=\"novalidate\" data-status=\"init\">\n<fieldset class=\"hidden-fields-container\"><input type=\"hidden\" name=\"_wpcf7\" value=\"336\" \/><input type=\"hidden\" name=\"_wpcf7_version\" value=\"6.1.5\" \/><input type=\"hidden\" name=\"_wpcf7_locale\" value=\"fi\" \/><input type=\"hidden\" name=\"_wpcf7_unit_tag\" value=\"wpcf7-f336-o1\" \/><input type=\"hidden\" name=\"_wpcf7_container_post\" value=\"0\" \/><input type=\"hidden\" name=\"_wpcf7_posted_data_hash\" value=\"\" \/><input type=\"hidden\" name=\"_wpcf7_recaptcha_response\" value=\"\" \/>\n<\/fieldset>\n<p><label> Hakeva kyl\u00e4- tai asukasyhdistys: (pakollinen) <\/label><br \/>\n<label> <span class=\"wpcf7-form-control-wrap\" data-name=\"yhdistys\"><input size=\"40\" maxlength=\"400\" class=\"wpcf7-form-control wpcf7-text wpcf7-validates-as-required\" aria-required=\"true\" aria-invalid=\"false\" value=\"\" type=\"text\" name=\"yhdistys\" \/><\/span> <\/label><br \/>\n<label> Kotikunta: (pakollinen) <\/label><br \/>\n<label> <span class=\"wpcf7-form-control-wrap\" data-name=\"kunta\"><input size=\"40\" maxlength=\"400\" class=\"wpcf7-form-control wpcf7-text wpcf7-validates-as-required\" aria-required=\"true\" aria-invalid=\"false\" value=\"\" type=\"text\" name=\"kunta\" \/><\/span> <\/label><br \/>\n<label> Kenelle haetaan: (pakollinen) <\/label><br \/>\n<label> <span class=\"wpcf7-form-control-wrap\" data-name=\"kohde\"><input size=\"40\" maxlength=\"400\" class=\"wpcf7-form-control wpcf7-text wpcf7-validates-as-required\" aria-required=\"true\" aria-invalid=\"false\" value=\"\" type=\"text\" name=\"kohde\" \/><\/span> <\/label><br \/>\n<label>Ansiomerkki, jota haetaan: <\/label><br \/>\n<span class=\"wpcf7-form-control-wrap\" data-name=\"radio-673\"><span class=\"wpcf7-form-control wpcf7-radio\"><span class=\"wpcf7-list-item first\"><input type=\"radio\" name=\"radio-673\" value=\"viiri\" checked=\"checked\" \/><span class=\"wpcf7-list-item-label\">viiri<\/span><\/span><span class=\"wpcf7-list-item\"><input type=\"radio\" name=\"radio-673\" value=\"pronssinen ansiomerkki\" \/><span class=\"wpcf7-list-item-label\">pronssinen ansiomerkki<\/span><\/span><span class=\"wpcf7-list-item\"><input type=\"radio\" name=\"radio-673\" value=\"hopeinen ansiomerkki\" \/><span class=\"wpcf7-list-item-label\">hopeinen ansiomerkki<\/span><\/span><span class=\"wpcf7-list-item last\"><input type=\"radio\" name=\"radio-673\" value=\"kultainen ansiomerkki\" \/><span class=\"wpcf7-list-item-label\">kultainen ansiomerkki<\/span><\/span><\/span><\/span><br \/>\n<label> Perustelut: <\/label><br \/>\n<span class=\"wpcf7-form-control-wrap\" data-name=\"your-message\"><textarea cols=\"40\" rows=\"10\" maxlength=\"2000\" class=\"wpcf7-form-control wpcf7-textarea\" aria-invalid=\"false\" name=\"your-message\"><\/textarea><\/span>\n<\/p>\n<p><label> Hakijan yhteyshenkil\u00f6: (pakollinen) <\/label><br \/>\n<label> <span class=\"wpcf7-form-control-wrap\" data-name=\"ynimi\"><input size=\"40\" maxlength=\"400\" class=\"wpcf7-form-control wpcf7-text wpcf7-validates-as-required\" aria-required=\"true\" aria-invalid=\"false\" value=\"\" type=\"text\" name=\"ynimi\" \/><\/span> <\/label><br \/>\n<label> Yhteyshenkil\u00f6n puhelinnumero: (pakollinen) <\/label><br \/>\n<label> <span class=\"wpcf7-form-control-wrap\" data-name=\"ynumero\"><input size=\"40\" maxlength=\"400\" class=\"wpcf7-form-control wpcf7-text wpcf7-validates-as-required\" aria-required=\"true\" aria-invalid=\"false\" value=\"\" type=\"text\" name=\"ynumero\" \/><\/span> <\/label><br \/>\n<label> Yhteyshenkil\u00f6n s\u00e4hk\u00f6posti: (pakollinen) <\/label><br \/>\n<label> <span class=\"wpcf7-form-control-wrap\" data-name=\"yemail\"><input size=\"40\" maxlength=\"400\" class=\"wpcf7-form-control wpcf7-email wpcf7-validates-as-required wpcf7-text wpcf7-validates-as-email\" aria-required=\"true\" aria-invalid=\"false\" value=\"\" type=\"email\" name=\"yemail\" \/><\/span> <\/label>\n<\/p>\n<span class=\"wpcf7-form-control-wrap recaptcha\" data-name=\"recaptcha\"><span data-sitekey=\"6LcHkckUAAAAAAXblTfIZYUbyiASHvSZ-S6jbmq-\" class=\"wpcf7-form-control wpcf7-recaptcha g-recaptcha\"><\/span>\r\n<noscript>\r\n\t<div class=\"grecaptcha-noscript\">\r\n\t\t<iframe loading=\"lazy\" src=\"https:\/\/www.google.com\/recaptcha\/api\/fallback?k=6LcHkckUAAAAAAXblTfIZYUbyiASHvSZ-S6jbmq-\" frameborder=\"0\" scrolling=\"no\" width=\"310\" height=\"430\">\r\n\t\t<\/iframe>\r\n\t\t<textarea name=\"g-recaptcha-response\" rows=\"3\" cols=\"40\" placeholder=\"reCaptcha Response Here\">\r\n\t\t<\/textarea>\r\n\t<\/div>\r\n<\/noscript>\r\n<\/span>\n<p><input class=\"wpcf7-form-control wpcf7-submit has-spinner\" type=\"submit\" value=\"L\u00e4het\u00e4\" \/>\n<\/p><div class=\"wpcf7-response-output\" aria-hidden=\"true\"><\/div>\n<\/form>\n<\/div>\n\n\n\n\n<p class=\"has-text-align-center\"><a href=\"https:\/\/www.jarvisuomenkylat.fi\/index.php\/haussa-nyt\/\">&#8211; Takaisin Haussa nyt! -sivulle &#8211;<\/a><\/p>\n","protected":false},"excerpt":{"rendered":"<p>Etel\u00e4-Savon kyl\u00e4t ry:n j\u00e4senyhdistykset voivat palkita toimijoitaan ansiomerkeill\u00e4. Ansiomerkit my\u00f6nt\u00e4\u00e4 Suomen kyl\u00e4t ry mutta ansiomerkkej\u00e4 haetaan Etel\u00e4-Savon kyl\u00e4t ry:n kautta, joka esitt\u00e4\u00e4 ansiomerkin saajia Suomen kyl\u00e4t ry:lle. Ansiomerkkej\u00e4 on saatavilla pronssisena, hopeisena ja kultaisena. Niiss\u00e4 on pidikkeen\u00e4 tupella varustettu neula. Pronssinen: V\u00e4hint\u00e4\u00e4n 6 vuotta ansiokasta toimintaa kyl\u00e4toiminnan tai toimintaryhm\u00e4ty\u00f6n luottamus- tai toimihenkil\u00f6teht\u00e4viss\u00e4. My\u00f6nt\u00f6oikeus kyl\u00e4yhdistyksill\u00e4, kylien [&hellip;]<\/p>\n","protected":false},"author":2,"featured_media":0,"parent":23,"menu_order":0,"comment_status":"closed","ping_status":"closed","template":"","meta":{"footnotes":""},"class_list":["post-335","page","type-page","status-publish","czr-hentry"],"_links":{"self":[{"href":"https:\/\/www.jarvisuomenkylat.fi\/index.php\/wp-json\/wp\/v2\/pages\/335","targetHints":{"allow":["GET"]}}],"collection":[{"href":"https:\/\/www.jarvisuomenkylat.fi\/index.php\/wp-json\/wp\/v2\/pages"}],"about":[{"href":"https:\/\/www.jarvisuomenkylat.fi\/index.php\/wp-json\/wp\/v2\/types\/page"}],"author":[{"embeddable":true,"href":"https:\/\/www.jarvisuomenkylat.fi\/index.php\/wp-json\/wp\/v2\/users\/2"}],"replies":[{"embeddable":true,"href":"https:\/\/www.jarvisuomenkylat.fi\/index.php\/wp-json\/wp\/v2\/comments?post=335"}],"version-history":[{"count":2,"href":"https:\/\/www.jarvisuomenkylat.fi\/index.php\/wp-json\/wp\/v2\/pages\/335\/revisions"}],"predecessor-version":[{"id":343,"href":"https:\/\/www.jarvisuomenkylat.fi\/index.php\/wp-json\/wp\/v2\/pages\/335\/revisions\/343"}],"up":[{"embeddable":true,"href":"https:\/\/www.jarvisuomenkylat.fi\/index.php\/wp-json\/wp\/v2\/pages\/23"}],"wp:attachment":[{"href":"https:\/\/www.jarvisuomenkylat.fi\/index.php\/wp-json\/wp\/v2\/media?parent=335"}],"curies":[{"name":"wp","href":"https:\/\/api.w.org\/{rel}","templated":true}]}}