{"id":28,"date":"2019-12-10T17:16:48","date_gmt":"2019-12-10T17:16:48","guid":{"rendered":"http:\/\/www.jarvisuomenkylat.fi\/?page_id=28"},"modified":"2025-01-08T08:43:59","modified_gmt":"2025-01-08T08:43:59","slug":"vuoden-maaseututoimija","status":"publish","type":"page","link":"https:\/\/www.jarvisuomenkylat.fi\/index.php\/haussa-nyt\/vuoden-maaseututoimija\/","title":{"rendered":"Vuoden paikallistoimija"},"content":{"rendered":"\n<p>Suomen Kyl\u00e4t ry palkitsee vuosittain Vuoden Paikallistoimijan. H\u00e4n on henkil\u00f6, joka on saavuttanut erinomaisia tuloksia erityisesti Leader -toiminnassa, kyl\u00e4toiminnassa tai muussa paikallisessa kehitt\u00e4misty\u00f6ss\u00e4.<\/p>\n\n\n\n<p>Valinta ei ole sidottu nimett\u00e4v\u00e4n henkil\u00f6n taustaorganisaatioon, ainoastaan valintaehtojen t\u00e4yttymiseen. T\u00e4ss\u00e4 valinnassa ei painoteta senioriteettia eik\u00e4 pitk\u00e4\u00e4 toimintaaikaa, vaan valittavan henkil\u00f6n hyvi\u00e4 tuloksia, innostavuutta ja innovatiivisuutta. L\u00f6ytyyk\u00f6 meilt\u00e4 Etel\u00e4-Savosta hyvi\u00e4 ehdokkaita?<\/p>\n\n\n\n<p>Lis\u00e4tietoa palkitsemisista l\u00f6yd\u00e4t Suomen Kyl\u00e4t ry:n kotisivulta <a href=\"https:\/\/suomenkylat.fi\/suomen-kylat\/yhdistys\/palkitsemiset\" data-type=\"link\" data-id=\"https:\/\/suomenkylat.fi\/suomen-kylat\/yhdistys\/palkitsemiset\">t\u00e4st\u00e4 linkist\u00e4<\/a>.<\/p>\n\n\n\n\n<div class=\"wpcf7 no-js\" id=\"wpcf7-f328-o1\" lang=\"fi\" dir=\"ltr\" data-wpcf7-id=\"328\">\n<div class=\"screen-reader-response\"><p role=\"status\" aria-live=\"polite\" aria-atomic=\"true\"><\/p> <ul><\/ul><\/div>\n<form action=\"\/index.php\/wp-json\/wp\/v2\/pages\/28#wpcf7-f328-o1\" method=\"post\" class=\"wpcf7-form init\" aria-label=\"Yhteydenottolomake\" novalidate=\"novalidate\" data-status=\"init\">\n<fieldset class=\"hidden-fields-container\"><input type=\"hidden\" name=\"_wpcf7\" value=\"328\" \/><input type=\"hidden\" name=\"_wpcf7_version\" value=\"6.1.6\" \/><input type=\"hidden\" name=\"_wpcf7_locale\" value=\"fi\" \/><input type=\"hidden\" name=\"_wpcf7_unit_tag\" value=\"wpcf7-f328-o1\" \/><input type=\"hidden\" name=\"_wpcf7_container_post\" value=\"0\" \/><input type=\"hidden\" name=\"_wpcf7_posted_data_hash\" value=\"\" \/><input type=\"hidden\" name=\"_wpcf7_recaptcha_response\" value=\"\" \/>\n<\/fieldset>\n<p><label> Esitt\u00e4j\u00e4 (pakollinen) <\/label><br \/>\n<label> <span class=\"wpcf7-form-control-wrap\" data-name=\"your-name\"><input size=\"40\" maxlength=\"400\" class=\"wpcf7-form-control wpcf7-text wpcf7-validates-as-required\" aria-required=\"true\" aria-invalid=\"false\" value=\"\" type=\"text\" name=\"your-name\" \/><\/span> <\/label><br \/>\n<label> Esitt\u00e4v\u00e4 organisaatio <\/label><br \/>\n<label> <span class=\"wpcf7-form-control-wrap\" data-name=\"esittaja\"><input size=\"40\" maxlength=\"400\" class=\"wpcf7-form-control wpcf7-text\" aria-invalid=\"false\" value=\"\" type=\"text\" name=\"esittaja\" \/><\/span> <\/label><br \/>\n<label> Esitt\u00e4j\u00e4n s\u00e4hk\u00f6posti (pakollinen) <\/label><br \/>\n<label> <span class=\"wpcf7-form-control-wrap\" data-name=\"your-email\"><input size=\"40\" maxlength=\"400\" class=\"wpcf7-form-control wpcf7-email wpcf7-validates-as-required wpcf7-text wpcf7-validates-as-email\" aria-required=\"true\" aria-invalid=\"false\" value=\"\" type=\"email\" name=\"your-email\" \/><\/span> <\/label><br \/>\n<label> Esitt\u00e4j\u00e4n puhelinnumero (pakollinen) <\/label><br \/>\n<label> <span class=\"wpcf7-form-control-wrap\" data-name=\"your-phone\"><input size=\"40\" maxlength=\"400\" class=\"wpcf7-form-control wpcf7-text wpcf7-validates-as-required\" aria-required=\"true\" aria-invalid=\"false\" value=\"\" type=\"text\" name=\"your-phone\" \/><\/span> <\/label>\n<\/p>\n<p><u> ESITETT\u00c4V\u00c4N HENKIL\u00d6N TIEDOT<\/u>\n<\/p>\n<p><label> Nimi (pakollinen) <\/label><br \/>\n<label> <span class=\"wpcf7-form-control-wrap\" data-name=\"nimi\"><input size=\"40\" maxlength=\"400\" class=\"wpcf7-form-control wpcf7-text wpcf7-validates-as-required\" aria-required=\"true\" aria-invalid=\"false\" value=\"\" type=\"text\" name=\"nimi\" \/><\/span> <\/label><br \/>\n<label> Paikkakunta (pakollinen) <\/label><br \/>\n<label> <span class=\"wpcf7-form-control-wrap\" data-name=\"paikkakunta\"><input size=\"40\" maxlength=\"400\" class=\"wpcf7-form-control wpcf7-text wpcf7-validates-as-required\" aria-required=\"true\" aria-invalid=\"false\" value=\"\" type=\"text\" name=\"paikkakunta\" \/><\/span> <\/label><br \/>\n<label> Organisaatio (pakollinen) <\/label><br \/>\n<label> <span class=\"wpcf7-form-control-wrap\" data-name=\"organisaatio\"><input size=\"40\" maxlength=\"400\" class=\"wpcf7-form-control wpcf7-text wpcf7-validates-as-required\" aria-required=\"true\" aria-invalid=\"false\" value=\"\" type=\"text\" name=\"organisaatio\" \/><\/span> <\/label><br \/>\n<label> S\u00e4hk\u00f6posti tai puhelinnumero (pakollinen) <\/label><br \/>\n<label> <span class=\"wpcf7-form-control-wrap\" data-name=\"yhteystieto\"><input size=\"40\" maxlength=\"400\" class=\"wpcf7-form-control wpcf7-text wpcf7-validates-as-required\" aria-required=\"true\" aria-invalid=\"false\" value=\"\" type=\"text\" name=\"yhteystieto\" \/><\/span> <\/label><br \/>\n<label> Perustelut <\/label><br \/>\n<label> <span class=\"wpcf7-form-control-wrap\" data-name=\"perustelut\"><textarea cols=\"40\" rows=\"10\" maxlength=\"2000\" class=\"wpcf7-form-control wpcf7-textarea\" aria-invalid=\"false\" name=\"perustelut\"><\/textarea><\/span> <\/label><br \/>\n<label> Ansioluettelo <\/label><br \/>\n<label> <span class=\"wpcf7-form-control-wrap\" data-name=\"luettelo\"><textarea cols=\"40\" rows=\"10\" maxlength=\"2000\" class=\"wpcf7-form-control wpcf7-textarea\" aria-invalid=\"false\" name=\"luettelo\"><\/textarea><\/span> <\/label>\n<\/p>\n<span class=\"wpcf7-form-control-wrap recaptcha\" data-name=\"recaptcha\"><span data-sitekey=\"6LcHkckUAAAAAAXblTfIZYUbyiASHvSZ-S6jbmq-\" class=\"wpcf7-form-control wpcf7-recaptcha g-recaptcha\"><\/span>\r\n<noscript>\r\n\t<div class=\"grecaptcha-noscript\">\r\n\t\t<iframe loading=\"lazy\" src=\"https:\/\/www.google.com\/recaptcha\/api\/fallback?k=6LcHkckUAAAAAAXblTfIZYUbyiASHvSZ-S6jbmq-\" frameborder=\"0\" scrolling=\"no\" width=\"310\" height=\"430\">\r\n\t\t<\/iframe>\r\n\t\t<textarea name=\"g-recaptcha-response\" rows=\"3\" cols=\"40\" placeholder=\"reCaptcha Response Here\">\r\n\t\t<\/textarea>\r\n\t<\/div>\r\n<\/noscript>\r\n<\/span>\n<p><input class=\"wpcf7-form-control wpcf7-submit has-spinner\" type=\"submit\" value=\"L\u00e4het\u00e4\" \/>\n<\/p><div class=\"wpcf7-response-output\" aria-hidden=\"true\"><\/div>\n<\/form>\n<\/div>\n\n\n\n\n<p class=\"has-text-align-center\">  <a href=\"http:\/\/www.jarvisuomenkylat.fi\/index.php\/haussa-nyt\/\">&#8211; Takaisinhaussa nyt! -sivulle &#8211;<\/a>  <\/p>\n","protected":false},"excerpt":{"rendered":"<p>Suomen Kyl\u00e4t ry palkitsee vuosittain Vuoden Paikallistoimijan. H\u00e4n on henkil\u00f6, joka on saavuttanut erinomaisia tuloksia erityisesti Leader -toiminnassa, kyl\u00e4toiminnassa tai muussa paikallisessa kehitt\u00e4misty\u00f6ss\u00e4. Valinta ei ole sidottu nimett\u00e4v\u00e4n henkil\u00f6n taustaorganisaatioon, ainoastaan valintaehtojen t\u00e4yttymiseen. T\u00e4ss\u00e4 valinnassa ei painoteta senioriteettia eik\u00e4 pitk\u00e4\u00e4 toimintaaikaa, vaan valittavan henkil\u00f6n hyvi\u00e4 tuloksia, innostavuutta ja innovatiivisuutta. L\u00f6ytyyk\u00f6 meilt\u00e4 Etel\u00e4-Savosta hyvi\u00e4 ehdokkaita? Lis\u00e4tietoa [&hellip;]<\/p>\n","protected":false},"author":2,"featured_media":0,"parent":23,"menu_order":0,"comment_status":"closed","ping_status":"closed","template":"","meta":{"footnotes":""},"class_list":["post-28","page","type-page","status-publish","czr-hentry"],"_links":{"self":[{"href":"https:\/\/www.jarvisuomenkylat.fi\/index.php\/wp-json\/wp\/v2\/pages\/28","targetHints":{"allow":["GET"]}}],"collection":[{"href":"https:\/\/www.jarvisuomenkylat.fi\/index.php\/wp-json\/wp\/v2\/pages"}],"about":[{"href":"https:\/\/www.jarvisuomenkylat.fi\/index.php\/wp-json\/wp\/v2\/types\/page"}],"author":[{"embeddable":true,"href":"https:\/\/www.jarvisuomenkylat.fi\/index.php\/wp-json\/wp\/v2\/users\/2"}],"replies":[{"embeddable":true,"href":"https:\/\/www.jarvisuomenkylat.fi\/index.php\/wp-json\/wp\/v2\/comments?post=28"}],"version-history":[{"count":7,"href":"https:\/\/www.jarvisuomenkylat.fi\/index.php\/wp-json\/wp\/v2\/pages\/28\/revisions"}],"predecessor-version":[{"id":1096,"href":"https:\/\/www.jarvisuomenkylat.fi\/index.php\/wp-json\/wp\/v2\/pages\/28\/revisions\/1096"}],"up":[{"embeddable":true,"href":"https:\/\/www.jarvisuomenkylat.fi\/index.php\/wp-json\/wp\/v2\/pages\/23"}],"wp:attachment":[{"href":"https:\/\/www.jarvisuomenkylat.fi\/index.php\/wp-json\/wp\/v2\/media?parent=28"}],"curies":[{"name":"wp","href":"https:\/\/api.w.org\/{rel}","templated":true}]}}