{"id":23,"date":"2019-12-10T17:12:26","date_gmt":"2019-12-10T17:12:26","guid":{"rendered":"http:\/\/www.jarvisuomenkylat.fi\/?page_id=23"},"modified":"2021-04-17T08:53:03","modified_gmt":"2021-04-17T08:53:03","slug":"haussa-nyt","status":"publish","type":"page","link":"https:\/\/www.jarvisuomenkylat.fi\/index.php\/haussa-nyt\/","title":{"rendered":"Haussa nyt!"},"content":{"rendered":"\n<p><strong>Etel\u00e4-Savon Vuoden Kyl\u00e4n<\/strong> valinnalla halutaan nostaa esiin kylien monipuolista toimintaa ja lis\u00e4t\u00e4 kyl\u00e4toiminnan tunnettavuutta ja n\u00e4kyvyytt\u00e4. Tavoitteena on l\u00f6yt\u00e4\u00e4 aktiivisia kyli\u00e4, tuloksellista kyl\u00e4toimintaa ja saada hyvi\u00e4 esimerkkej\u00e4 kylien toiminnasta ja yhteisty\u00f6st\u00e4. Vuoden Kyl\u00e4n valinnassa painotetaan kylien kehitt\u00e4misen suunnitelmallisuutta, pitk\u00e4j\u00e4nteisyytt\u00e4 ja uutta luovaa toimintaa sek\u00e4 tulevaisuuteen suuntautumista.\u00a0 Ilmianna kyl\u00e4si alla olevan lomakkeen avulla<br>Lis\u00e4ksi toivomme esityksi\u00e4:<br>&#8211; <strong>kyl\u00e4toiminnan tienn\u00e4ytt\u00e4j\u00e4ksi<\/strong> (henkil\u00f6, joka on\u00a0\u00a0 toiminut pitk\u00e4aikaisesti kyl\u00e4toiminnan valtakunnallisen tai paikallisen toiminnan kehitt\u00e4miseksi)<br>&#8211; <strong>maaseututoimijaksi <\/strong>(henkil\u00f6, joka on ansioitunut Leader-toiminnassa tai paikallisessa kyl\u00e4toiminnassa)<br><strong>&#8211; maaseutukasvoksi<\/strong> (julkisuuden henkil\u00f6, joka toiminnallaan on tehnyt maaseutua tunnetuksi).<br>Hakulomakkeet l\u00f6yd\u00e4t alla olevista linkeist\u00e4.<br><strong>Hakemukset tulee l\u00e4hett\u00e4\u00e4 31.5. menness\u00e4.<\/strong> My\u00f6h\u00e4ss\u00e4 tulleet hakemukset huomioidaan seuraavan vuoden haussa.<\/p>\n\n\n\n<p>ANSIOMERKIT<br><a href=\"https:\/\/www.jarvisuomenkylat.fi\/index.php\/haussa-nyt\/ansiomerkit\/\">Ansiomerkit ja viiri<\/a><\/p>\n\n\n\n<p>ALUEELLISET<br><a href=\"http:\/\/www.jarvisuomenkylat.fi\/index.php\/haussa-nyt\/vuoden-kyla\/\">Etel\u00e4-Savon vuoden kyl\u00e4<br><\/a><a href=\"http:\/\/www.jarvisuomenkylat.fi\/index.php\/haussa-nyt\/jarjestoneuvottelukunta\/\">J\u00e4rjest\u00f6neuvottelukunta<\/a><br><a href=\"http:\/\/www.jarvisuomenkylat.fi\/index.php\/haussa-nyt\/paikalliskoulutus\/\">Paikallis(toimija)koulutus<\/a><\/p>\n\n\n\n<p>VALTAKUNNALLISET<br><a href=\"http:\/\/www.jarvisuomenkylat.fi\/index.php\/haussa-nyt\/kylatoiminnan-tiennayttaja\/\">Kyl\u00e4toiminnan tienn\u00e4ytt\u00e4j\u00e4<\/a><br><a href=\"https:\/\/www.jarvisuomenkylat.fi\/index.php\/haussa-nyt\/vuoden-maaseutukasvo\/\" data-type=\"page\" data-id=\"683\">Vuoden maaseutukasvo<\/a><a href=\"http:\/\/www.jarvisuomenkylat.fi\/index.php\/haussa-nyt\/kylatoiminnan-tiennayttaja\/\"><br><\/a><a href=\"http:\/\/www.jarvisuomenkylat.fi\/index.php\/haussa-nyt\/vuoden-maaseututoimija\/\">Vuoden maaseututoimija<\/a><\/p>\n","protected":false},"excerpt":{"rendered":"<p>Etel\u00e4-Savon Vuoden Kyl\u00e4n valinnalla halutaan nostaa esiin kylien monipuolista toimintaa ja lis\u00e4t\u00e4 kyl\u00e4toiminnan tunnettavuutta ja n\u00e4kyvyytt\u00e4. Tavoitteena on l\u00f6yt\u00e4\u00e4 aktiivisia kyli\u00e4, tuloksellista kyl\u00e4toimintaa ja saada hyvi\u00e4 esimerkkej\u00e4 kylien toiminnasta ja yhteisty\u00f6st\u00e4. Vuoden Kyl\u00e4n valinnassa painotetaan kylien kehitt\u00e4misen suunnitelmallisuutta, pitk\u00e4j\u00e4nteisyytt\u00e4 ja uutta luovaa toimintaa sek\u00e4 tulevaisuuteen suuntautumista.\u00a0 Ilmianna kyl\u00e4si alla olevan lomakkeen avullaLis\u00e4ksi toivomme esityksi\u00e4:&#8211; kyl\u00e4toiminnan [&hellip;]<\/p>\n","protected":false},"author":2,"featured_media":144,"parent":0,"menu_order":0,"comment_status":"closed","ping_status":"closed","template":"","meta":{"footnotes":""},"class_list":["post-23","page","type-page","status-publish","has-post-thumbnail","czr-hentry"],"_links":{"self":[{"href":"https:\/\/www.jarvisuomenkylat.fi\/index.php\/wp-json\/wp\/v2\/pages\/23","targetHints":{"allow":["GET"]}}],"collection":[{"href":"https:\/\/www.jarvisuomenkylat.fi\/index.php\/wp-json\/wp\/v2\/pages"}],"about":[{"href":"https:\/\/www.jarvisuomenkylat.fi\/index.php\/wp-json\/wp\/v2\/types\/page"}],"author":[{"embeddable":true,"href":"https:\/\/www.jarvisuomenkylat.fi\/index.php\/wp-json\/wp\/v2\/users\/2"}],"replies":[{"embeddable":true,"href":"https:\/\/www.jarvisuomenkylat.fi\/index.php\/wp-json\/wp\/v2\/comments?post=23"}],"version-history":[{"count":7,"href":"https:\/\/www.jarvisuomenkylat.fi\/index.php\/wp-json\/wp\/v2\/pages\/23\/revisions"}],"predecessor-version":[{"id":687,"href":"https:\/\/www.jarvisuomenkylat.fi\/index.php\/wp-json\/wp\/v2\/pages\/23\/revisions\/687"}],"wp:featuredmedia":[{"embeddable":true,"href":"https:\/\/www.jarvisuomenkylat.fi\/index.php\/wp-json\/wp\/v2\/media\/144"}],"wp:attachment":[{"href":"https:\/\/www.jarvisuomenkylat.fi\/index.php\/wp-json\/wp\/v2\/media?parent=23"}],"curies":[{"name":"wp","href":"https:\/\/api.w.org\/{rel}","templated":true}]}}