{"id":12,"date":"2019-12-10T17:05:08","date_gmt":"2019-12-10T17:05:08","guid":{"rendered":"http:\/\/www.jarvisuomenkylat.fi\/?page_id=12"},"modified":"2022-01-20T09:57:41","modified_gmt":"2022-01-20T09:57:41","slug":"saannot","status":"publish","type":"page","link":"https:\/\/www.jarvisuomenkylat.fi\/index.php\/yhdistys\/saannot\/","title":{"rendered":"S\u00e4\u00e4nn\u00f6t"},"content":{"rendered":"\n<p><strong>J\u00c4RVI-SUOMEN KYL\u00c4T<\/strong> <strong>RY:N S\u00c4\u00c4NN\u00d6T<\/strong><\/p>\n\n\n\n<p><strong>1 \u00a7 Yhdistyksen nimi ja kotipaikka<\/strong><br>Yhdistyksen nimi on J\u00e4rvi-Suomen kyl\u00e4t ry. (J\u00e4sky) ja sen kotipaikka on Mikkelin kaupunki.<\/p>\n\n\n\n<p><strong>2 \u00a7 Tarkoitus ja toiminnan laatu<br><\/strong>Yhdistyksen tarkoituksena on toimia kylien asukkaiden, kyl\u00e4toimikuntien, kyl\u00e4- ja asukasyhdistysten ja Etel\u00e4-Savon maaseudun etua ajavien j\u00e4rjest\u00f6jen yhteistoimintaelimen\u00e4, kyl\u00e4- ja asukastoiminnan kehitt\u00e4j\u00e4n\u00e4 ja edunvalvojana Etel\u00e4-Savon maakunnan alueella. Toiminnan tavoitteena on parantaa Etel\u00e4-Savossa vakituisesti ja vapaa-aikanaan asuvien ihmisten hyvinvointia, viihtyvyytt\u00e4, omatoimisuutta, kylien elinkelpoisuutta sek\u00e4 monipaikkaista asumista. Lis\u00e4ksi edistet\u00e4\u00e4n kylien asukkaiden toimeentulomahdollisuuksien yleisi\u00e4 edellytyksi\u00e4, harrastus- ja kulttuuritoimintaa sek\u00e4 palveluiden s\u00e4ilymist\u00e4 alueella. <strong><\/strong><\/p>\n\n\n\n<p>Yhdistyksen tarkoituksena on kannustaa alueen asukkaita yhteistoimintaan sek\u00e4 kehitt\u00e4\u00e4 yhteisty\u00f6t\u00e4 yhdistyksen toiminta-alueen p\u00e4\u00e4tt\u00e4jien ja viranhaltijoiden kanssa. Tarkoituksena on s\u00e4ilytt\u00e4\u00e4 maaseutu elinvoimaisena sek\u00e4 lis\u00e4t\u00e4 koko seudun kehitt\u00e4miseen liittyv\u00e4\u00e4 osaamista ja lis\u00e4t\u00e4 kokemusten vaihtoa toiminta-alueen osien v\u00e4lill\u00e4 kansainv\u00e4linen yhteisty\u00f6 mukaan lukien.<\/p>\n\n\n\n<p>Tarkoituksensa toteuttamiseksi yhdistys:<br>&#8211; kylien etuj\u00e4rjest\u00f6n\u00e4 osallistuu kyli\u00e4 koskevaan suunnitteluun ja vaikuttaa kylien kannalta my\u00f6nteiseen p\u00e4\u00e4t\u00f6ksentekoon eri organisaatioissa,<br>&#8211; tekee aloitteita ja esityksi\u00e4, antaa lausuntoja viranomaisille ja muille j\u00e4rjest\u00f6ille sek\u00e4 osallistuu kyl\u00e4n kehitt\u00e4mistoiminnan suunnitteluun ja toteutukseen,<br>&#8211; toteuttaa kylien elinkelpoisuutta, niiden asukkaiden viihtyvyytt\u00e4 ja hyvinvointia sek\u00e4 palveluiden s\u00e4ilytt\u00e4misen ja luomisen yleisi\u00e4 edellytyksi\u00e4 edist\u00e4vi\u00e4 hankkeita ja toimenpiteit\u00e4,<br>&#8211; j\u00e4rjest\u00e4\u00e4 kokouksia, kursseja, retki\u00e4, keskustelu- ja huvitilaisuuksia<br>&#8211; voi suunnitella, toimeenpanna ja osallistua paikallisiin\/alueellisiin\/valtakunnallisiin hankkeisiin<br>&#8211; toimii muillakin edellisiin verrattavilla tavoilla tarkoituksensa toteuttamiseksi<br>&#8211; edist\u00e4\u00e4 kyl\u00e4- ja asukastoimikuntien ja -yhdistysten omatoimisuutta.<\/p>\n\n\n\n<p>Toimintansa tukemiseksi yhdistys voi harjoittaa julkaisutoimintaa sek\u00e4 asianmukaisen luvan saatuaan toimeenpanna arpajaisia ja myyj\u00e4isi\u00e4 sek\u00e4 huutokauppoja ja rahanker\u00e4yksi\u00e4 sek\u00e4 harjoittaa sellaista elinkeinoa tai ansiotoimintaa, joka kytkeytyy v\u00e4litt\u00f6m\u00e4sti s\u00e4\u00e4nn\u00f6iss\u00e4 m\u00e4\u00e4r\u00e4tyn tarkoituksen toteuttamiseen. Yhdistys voi ottaa vastaan testamentteja ja lahjoituksia sek\u00e4 omistaa ja hallita toimintaansa varten tarpeellista kiinte\u00e4\u00e4 ja irtainta omaisuutta. Yhdistys on puoluepoliittisesti sitoutumaton.<\/p>\n\n\n\n<p><strong>3 \u00a7 J\u00e4senet<\/strong><br>Yhdistyksen varsinaisiksi j\u00e4seniksi voivat liitty\u00e4 Etel\u00e4-Savon alueen rekister\u00f6idyt kehitt\u00e4misyhteis\u00f6t, kyl\u00e4- ja asukasyhdistykset sek\u00e4 kyl\u00e4- ja asukastoiminnasta kiinnostuneet yksityiset henkil\u00f6t, jotka suorittavat syyskokouksen m\u00e4\u00e4r\u00e4\u00e4m\u00e4n j\u00e4senmaksun.<\/p>\n\n\n\n<p>Kannatusj\u00e4seneksi, jolla ei ole \u00e4\u00e4nioikeutta yhdistyksen kokouksissa, hallitus voi hyv\u00e4ksy\u00e4 yksityisen henkil\u00f6n, oikeuskelpoisen yhteis\u00f6n, kunnan tai yrityksen, joka suorittaa syyskokouksen m\u00e4\u00e4r\u00e4\u00e4m\u00e4n kannatusj\u00e4senmaksun.<\/p>\n\n\n\n<p>Yhdistyksen hallitus hyv\u00e4ksyy hakemuksesta yhdistys- ja kannatusj\u00e4senet.<\/p>\n\n\n\n<p>Kunniapuheenjohtajaksi tai kunniaj\u00e4seneksi voidaan hallituksen esityksest\u00e4 yhdistyksen kokouksessa kutsua henkil\u00f6, joka on huomattavasti edist\u00e4nyt ja tukenut yhdistyksen toimintaa.<br><br>Yhdistyksen hallituksella on oikeus erottaa j\u00e4sen, joka toimii yhdistyksen s\u00e4\u00e4nt\u00f6j\u00e4 tai periaatteita vastaan tai aiheuttaa muutoin vahinkoa yhdistykselle tai on j\u00e4tt\u00e4nyt er\u00e4\u00e4ntyneen j\u00e4senmaksunsa maksamatta viel\u00e4 kuusi kuukautta er\u00e4p\u00e4iv\u00e4n j\u00e4lkeen.<\/p>\n\n\n\n<p>Hallitus pit\u00e4\u00e4 yhdistyksen j\u00e4senist\u00e4 lainmukaista j\u00e4senluetteloa.<\/p>\n\n\n\n<p><strong>4 \u00a7 Liittymis- ja j\u00e4senmaksu<br><\/strong>Varsinaisilta j\u00e4senilt\u00e4 ja kannatusj\u00e4senilt\u00e4 peritt\u00e4v\u00e4n liittymismaksun ja vuotuisen j\u00e4senmaksun suuruudesta erikseen kummallekin j\u00e4senryhm\u00e4lle p\u00e4\u00e4tt\u00e4\u00e4 syyskokous. Kunniapuheenjohtaja ja kunniaj\u00e4senet eiv\u00e4t suorita j\u00e4senmaksuja.<\/p>\n\n\n\n<p><strong><em>5 <\/em><\/strong><strong>\u00a7 Hallitus<br><\/strong>Yhdistyksen toimintaa suunnittelee ja johtaa syyskokouksessa valittava hallitus, johon kuuluu kahdeksi vuodeksi kerrallaan valittu puheenjohtaja sek\u00e4 6 \u2013 10 kahdeksi vuodeksi kerrallaan valittua varsinaista j\u00e4sent\u00e4 sek\u00e4 2 \u2013 10 varaj\u00e4sent\u00e4, joista vuosittain on puolet erovuorossa. J\u00e4senten erovuorot m\u00e4\u00e4r\u00e4ytyv\u00e4t ensin arvan ja sitten vuoron mukaan. Puheenjohtajan, hallituksen j\u00e4senen ja varaj\u00e4senen toimikausi voi kest\u00e4\u00e4 yht\u00e4jaksoisesti enint\u00e4\u00e4n 8 vuotta. <em><\/em><\/p>\n\n\n\n<p>Hallitus valitsee keskuudestaan varapuheenjohtajan sek\u00e4 <em>valitsee <\/em>keskuudestaan tai ulkopuoleltaan sihteerin ja muut tarvittavat toimihenkil\u00f6t vuodeksi kerrallaan.<\/p>\n\n\n\n<p>Hallituksen j\u00e4senet tulee valita tasapuolisesti Etel\u00e4-Savon eri alueilta.<br>Hallitukseen voidaan valita edustajia Etel\u00e4-Savon muista maaseudun kehitt\u00e4misj\u00e4rjest\u00f6ist\u00e4 sek\u00e4 viranomaisorganisaatiosta.<br>Hallituksen j\u00e4senen ja varaj\u00e4senen tulee olla yhdistyksen henkil\u00f6j\u00e4sen, hallituksen toimikautenaan.<\/p>\n\n\n\n<p>Hallitus kokoontuu puheenjohtajan tai h\u00e4nen ollessaan estynyt, varapuheenjohtajan kutsusta, kun he katsovat siihen olevan aihetta tai kun v\u00e4hint\u00e4\u00e4n puolet hallituksen j\u00e4senist\u00e4 sit\u00e4 vaatii<em>.<\/em> Hallitus on p\u00e4\u00e4t\u00f6svaltainen, kun v\u00e4hint\u00e4\u00e4n puolet sen j\u00e4senist\u00e4, puheenjohtaja tai varapuheenjohtaja&nbsp;mukaan lukien, on l\u00e4sn\u00e4. Hallitus voi kokoontua my\u00f6s&nbsp;puhelimitse, videoneuvottelulaitteiden avulla&nbsp;tai muita tietoverkkojen v\u00e4lineit\u00e4 k\u00e4ytt\u00e4en. \u00c4\u00e4nestykset ratkaistaan ehdottomalla \u00e4\u00e4ntenenemmist\u00f6ll\u00e4. \u00c4\u00e4nten menness\u00e4 tasan ratkaisee puheenjohtajan \u00e4\u00e4ni, vaaleissa kuitenkin arpa.<\/p>\n\n\n\n<p>&nbsp;Hallituksen varaj\u00e4senill\u00e4 on l\u00e4sn\u00e4olo- ja puheoikeus hallituksen kokouksissa<\/p>\n\n\n\n<p>&nbsp;Hallituksen kokouksesta pidet\u00e4\u00e4n p\u00f6yt\u00e4kirjaa.<\/p>\n\n\n\n<p>Hallitus voi asettaa keskuudestaan juoksevien asioiden hoitamista ja valmistelua varten ty\u00f6valiokunnan. Hallitus voi asettaa avukseen s\u00e4\u00e4nt\u00f6jen edellytt\u00e4mi\u00e4 teht\u00e4vi\u00e4 varten sille vastuunalaisia pysyvi\u00e4 tai tilap\u00e4isi\u00e4 toimikuntia tai jaostoja.<\/p>\n\n\n\n<p><strong>6 \u00a7 Yhdistyksen nimen kirjoittaminen<br><\/strong>Yhdistyksen nimen kirjoittaa yhdistyksen puheenjohtaja yksin tai varapuheenjohtaja yhdess\u00e4 sihteerin kanssa. <em><\/em><\/p>\n\n\n\n<p><strong>7 \u00a7 Tilikausi ja tilintarkastus<br><\/strong>Yhdistyksen tilikausi on kalenterivuosi.<\/p>\n\n\n\n<p>Tilinp\u00e4\u00e4t\u00f6s tarvittavine asiakirjoineen ja hallituksen vuosikertomus on j\u00e4tett\u00e4v\u00e4 tilintarkastajalle v\u00e4hint\u00e4\u00e4n nelj\u00e4toista (14) p\u00e4iv\u00e4\u00e4 ennen kev\u00e4tkokousta. Tilintarkastajan tulee palauttaa tilit lausuntoineen hallitukselle v\u00e4hint\u00e4\u00e4n kolme p\u00e4iv\u00e4\u00e4 ennen kev\u00e4tkokousta.<\/p>\n\n\n\n<p><strong>8 \u00a7 Yhdistyksen kokoukset<\/strong><br>Yhdistyksen varsinaiset kokoukset ovat kev\u00e4tkokous ja syyskokous. Kev\u00e4tkokous pidet\u00e4\u00e4n tammi &#8211; toukokuussa ja syyskokous syys<em>&#8211; <\/em>joulukuussa hallituksen m\u00e4\u00e4r\u00e4\u00e4m\u00e4n\u00e4 p\u00e4iv\u00e4n\u00e4.<\/p>\n\n\n\n<p>Ylim\u00e4\u00e4r\u00e4inen kokous pidet\u00e4\u00e4n, milloin varsinainen kokous niin p\u00e4\u00e4tt\u00e4\u00e4 tai hallitus katsoo sen tarpeelliseksi taikka v\u00e4hint\u00e4\u00e4n yksi viidesosa (1\/5) yhdistyksen varsinaisista j\u00e4senist\u00e4 erikseen ilmoitettua tarkoitusta varten sit\u00e4 kirjallisesti vaatii. Kokous on pidett\u00e4v\u00e4 kuukaudenkuluessa vaatimuksen hallitukselle j\u00e4tt\u00e4misest\u00e4.<\/p>\n\n\n\n<p>Kutsu varsinaiseen sek\u00e4 ylim\u00e4\u00e4r\u00e4iseen kokoukseen on toimitettava kirjeitse tai s\u00e4hk\u00f6postitse yhdistyksen j\u00e4senille ja ilmoitettava siit\u00e4 yhdistyksen kotisivuilla v\u00e4hint\u00e4\u00e4n kaksi viikkoa ennen kokousta.<\/p>\n\n\n\n<p>Yhdistyksen kokouksissa varsinaisina j\u00e4senin\u00e4 olevilla yhdistyksill\u00e4 on kullakin viisi (5) \u00e4\u00e4nt\u00e4 ja yksityisill\u00e4 henkil\u00f6ill\u00e4 yksi (1) \u00e4\u00e4ni. Kannatusj\u00e4senell\u00e4 on kokouksessa l\u00e4sn\u00e4olo- ja puheoikeus. Yhdistyksen kokouksen p\u00e4\u00e4t\u00f6kseksi tulee, ellei s\u00e4\u00e4nn\u00f6iss\u00e4 ole toisin m\u00e4\u00e4r\u00e4tty, se mielipide, jota on kannattanut yli puolet annetuista \u00e4\u00e4nist\u00e4. \u00c4\u00e4nten menness\u00e4 tasan ratkaisee kokouksen puheenjohtajan \u00e4\u00e4ni, vaaleissa kuitenkin arpa.<\/p>\n\n\n\n<p>Yhdistyksen kev\u00e4t- ja syyskokouksiin voi osallistua my\u00f6s&nbsp;puhelimitse, videoneuvottelulaitteiden avulla&nbsp;tai muita tietoverkkojen v\u00e4lineit\u00e4 k\u00e4ytt\u00e4en.<em><\/em><\/p>\n\n\n\n<p><strong><em>9<\/em> \u00a7 Varsinaiset kokoukset<\/strong><br>Yhdistyksen kev\u00e4tkokouksessa k\u00e4sitell\u00e4\u00e4n seuraavat asiat:\u00a0<\/p>\n\n\n\n<ol class=\"wp-block-list\" type=\"1\"><li>Kokouksen avaus<\/li><li>Valitaan kokouksen puheenjohtaja, sihteeri, kaksi p\u00f6yt\u00e4kirjantarkastajaa ja kaksi \u00e4\u00e4ntenlaskijaa<\/li><li>Todetaan kokouksen laillisuus ja p\u00e4\u00e4t\u00f6svaltaisuus.<\/li><li>Hyv\u00e4ksyt\u00e4\u00e4n kokouksen ty\u00f6j\u00e4rjestys<\/li><li>K\u00e4sitell\u00e4\u00e4n edellisen vuoden toimintakertomus ja p\u00e4\u00e4tet\u00e4\u00e4n sen hyv\u00e4ksymisest\u00e4<\/li><li>Esitell\u00e4\u00e4n edellisen toimintavuoden tilinp\u00e4\u00e4t\u00f6s ja tilintarkastajan lausunto.&nbsp; P\u00e4\u00e4tet\u00e4\u00e4n tilien hyv\u00e4ksymisest\u00e4 sek\u00e4 vastuuvapauden my\u00f6nt\u00e4misest\u00e4 tilivelvollisille.<\/li><li>K\u00e4sitell\u00e4\u00e4n muut mahdollisesti esille tulevat asiat, jotka hallitus haluaa kev\u00e4tkokoukselle esitt\u00e4\u00e4 tai joista on hallitukselle tehty esitys v\u00e4hint\u00e4\u00e4n kuukausi ennen kokousta.&nbsp;<\/li><\/ol>\n\n\n\n<p>Yhdistyksen syyskokouksessa k\u00e4sitell\u00e4\u00e4n seuraavat asiat:<\/p>\n\n\n\n<ol class=\"wp-block-list\" type=\"1\"><li>Kokouksen avaus.<\/li><li>Valitaan kokouksen puheenjohtaja, sihteeri, kaksi p\u00f6yt\u00e4kirjantarkastajaa ja kaksi \u00e4\u00e4ntenlaskijaa.<\/li><li>Todetaan kokouksen laillisuus ja p\u00e4\u00e4t\u00f6svaltaisuus.<\/li><li>Hyv\u00e4ksyt\u00e4\u00e4n kokouksen ty\u00f6j\u00e4rjestys<\/li><li>Hyv\u00e4ksyt\u00e4\u00e4n seuraavan vuoden toimintasuunnitelma.<\/li><li>M\u00e4\u00e4r\u00e4t\u00e4\u00e4n seuraavan vuoden varsinaisen ja kannatusj\u00e4senmaksun suuruus sek\u00e4 liittymismaksun suuruus.<\/li><li>P\u00e4\u00e4tet\u00e4\u00e4n hallituksen j\u00e4senten ja tilintarkastajan palkkioista.<\/li><li>Hyv\u00e4ksyt\u00e4\u00e4n seuraavan vuoden talousarvio.<\/li><li>M\u00e4\u00e4ritell\u00e4\u00e4n hallituksen varsinaisten j\u00e4senten sek\u00e4 varaj\u00e4senten m\u00e4\u00e4r\u00e4t.<\/li><li>Valitaan yhdistyksen hallituksen puheenjohtaja joka toinen vuosi.<\/li><li>Valitaan j\u00e4senet hallituksen erovuoroisten j\u00e4senten sek\u00e4 varaj\u00e4senten tilalle.<\/li><li>Valitaan yksi tilintarkastaja ja yksi varatilintarkastaja. &nbsp;<\/li><li>Valitaan edustaja\/edustajat alueellisiin ja valtakunnallisiin j\u00e4rjest\u00f6ihin.<\/li><li>K\u00e4sitell\u00e4\u00e4n muut mahdolliset asiat, jotka hallitus haluaa syyskokoukselle esitt\u00e4\u00e4<br>tai joista on tehty hallitukselle esitys v\u00e4hint\u00e4\u00e4n kuukautta ennen kokousta.<\/li><\/ol>\n\n\n\n<p><strong>10 \u00a7 S\u00e4\u00e4nt\u00f6jen muuttaminen ja yhdistyksen purkaminen<\/strong><br>Muutoksia n\u00e4ihin s\u00e4\u00e4nt\u00f6ihin voidaan tehd\u00e4 ainoastaan yhdistyksen kokouksissa. Muutosehdotuksen on t\u00e4ll\u00f6in hyv\u00e4ksytyksi tullakseen saatava v\u00e4hint\u00e4\u00e4n kolme nelj\u00e4sosaa (3\/4) annetuista \u00e4\u00e4nist\u00e4. Kokouskutsussa on mainittava s\u00e4\u00e4nt\u00f6jen muuttamisesta tai yhdistyksen purkamisesta.<\/p>\n\n\n\n<p>Ehdotus yhdistyksen purkamisesta on k\u00e4sitelt\u00e4v\u00e4 kahdessa per\u00e4kk\u00e4isess\u00e4 kokouksessa, joiden v\u00e4li\u00e4 tulee olla v\u00e4hint\u00e4\u00e4n yksi kuukausi, ja ehdotuksen on hyv\u00e4ksytyksi tullakseen saatava kummassakin kokouksessa v\u00e4hint\u00e4\u00e4n kolme nelj\u00e4sosaa (3\/4) annetuista \u00e4\u00e4nist\u00e4.<\/p>\n\n\n\n<p>Yhdistyksen purkautuessa tai tullessa lakkautetuksi sen varat luovutetaan kyl\u00e4toimintaa edist\u00e4v\u00e4\u00e4n tarkoitukseen sek\u00e4 huolehditaan arkiston ja museokokoelmien tai vastaavien s\u00e4ilymisest\u00e4 jonkin muun oikeuskelpoisen yhteis\u00f6n hallinnassa sen mukaan kuin yhdistyksen viimeinen kokous p\u00e4\u00e4tt\u00e4\u00e4.<\/p>\n\n\n\n<p class=\"has-text-align-center\">   <a href=\"http:\/\/www.jarvisuomenkylat.fi\/index.php\/yhdistys\/\">&#8211; Takaisin yhdistys-sivulle &#8211;<\/a>   <\/p>\n","protected":false},"excerpt":{"rendered":"<p>J\u00c4RVI-SUOMEN KYL\u00c4T RY:N S\u00c4\u00c4NN\u00d6T 1 \u00a7 Yhdistyksen nimi ja kotipaikkaYhdistyksen nimi on J\u00e4rvi-Suomen kyl\u00e4t ry. (J\u00e4sky) ja sen kotipaikka on Mikkelin kaupunki. 2 \u00a7 Tarkoitus ja toiminnan laatuYhdistyksen tarkoituksena on toimia kylien asukkaiden, kyl\u00e4toimikuntien, kyl\u00e4- ja asukasyhdistysten ja Etel\u00e4-Savon maaseudun etua ajavien j\u00e4rjest\u00f6jen yhteistoimintaelimen\u00e4, kyl\u00e4- ja asukastoiminnan kehitt\u00e4j\u00e4n\u00e4 ja edunvalvojana Etel\u00e4-Savon maakunnan alueella. Toiminnan tavoitteena [&hellip;]<\/p>\n","protected":false},"author":1,"featured_media":0,"parent":10,"menu_order":0,"comment_status":"closed","ping_status":"closed","template":"","meta":{"footnotes":""},"class_list":["post-12","page","type-page","status-publish","czr-hentry"],"_links":{"self":[{"href":"https:\/\/www.jarvisuomenkylat.fi\/index.php\/wp-json\/wp\/v2\/pages\/12","targetHints":{"allow":["GET"]}}],"collection":[{"href":"https:\/\/www.jarvisuomenkylat.fi\/index.php\/wp-json\/wp\/v2\/pages"}],"about":[{"href":"https:\/\/www.jarvisuomenkylat.fi\/index.php\/wp-json\/wp\/v2\/types\/page"}],"author":[{"embeddable":true,"href":"https:\/\/www.jarvisuomenkylat.fi\/index.php\/wp-json\/wp\/v2\/users\/1"}],"replies":[{"embeddable":true,"href":"https:\/\/www.jarvisuomenkylat.fi\/index.php\/wp-json\/wp\/v2\/comments?post=12"}],"version-history":[{"count":5,"href":"https:\/\/www.jarvisuomenkylat.fi\/index.php\/wp-json\/wp\/v2\/pages\/12\/revisions"}],"predecessor-version":[{"id":754,"href":"https:\/\/www.jarvisuomenkylat.fi\/index.php\/wp-json\/wp\/v2\/pages\/12\/revisions\/754"}],"up":[{"embeddable":true,"href":"https:\/\/www.jarvisuomenkylat.fi\/index.php\/wp-json\/wp\/v2\/pages\/10"}],"wp:attachment":[{"href":"https:\/\/www.jarvisuomenkylat.fi\/index.php\/wp-json\/wp\/v2\/media?parent=12"}],"curies":[{"name":"wp","href":"https:\/\/api.w.org\/{rel}","templated":true}]}}